{"id":8046,"date":"2024-06-19T13:55:21","date_gmt":"2024-06-19T13:55:21","guid":{"rendered":"https:\/\/www.seedex.it\/prodotto\/tendiseta-pneumatico-tpp\/"},"modified":"2025-09-22T07:58:09","modified_gmt":"2025-09-22T07:58:09","slug":"tendeur-de-toile-pneumatique-tpp","status":"publish","type":"product","link":"https:\/\/www.seedex.it\/fr\/prodotto\/tendeur-de-toile-pneumatique-tpp\/","title":{"rendered":"Tendeur de Toile Pneumatique TPP"},"content":{"rendered":"","protected":false},"excerpt":{"rendered":"<p class=\"p1\">Le TPP est une table de tension de toile avec des pinces pneumatiques qui vous permet de tendre les tissus sur les cadres de s\u00e9rigraphie au degr\u00e9 de tension requis. Cet \u00e9quipement peut \u00eatre utilis\u00e9 pour tendre diff\u00e9rents types de tissus, notamment le polyester, le nylon et l&#8217;acier.<\/p>\n<p class=\"p1\">Une particularit\u00e9 de ce tendeur est ses <b>mors pneumatiques mobiles<\/b>, qui peuvent \u00eatre positionn\u00e9s \u00e0 volont\u00e9 pour tendre m\u00eame un seul cadre par op\u00e9ration. Cette table extensible permet \u00e9galement \u00e0 l&#8217;op\u00e9rateur d&#8217;utiliser de petites portions de tissu qui pourraient autrement \u00eatre inutilisables, minimisant ainsi le gaspillage.<\/p>\n<table cellspacing=\"\" cellpadding=\"\">\n<thead>\n<tr>\n<td width=\"\">CODE<\/td>\n<td width=\"\">PNEUMATIC STRETCHER<\/td>\n<td width=\"\">TABLE SIZE CM.<\/td>\n<td width=\"\">PRODUCTION CAPACITY\u00a0N\u00b0 OF FRAMES OF EXTERNAL SIZE CM\u2026.<\/td>\n<\/tr>\n<\/thead>\n<colgroup>\n<col width=\"\" \/>\n<col width=\"\" \/>\n<col width=\"\" \/>\n<col width=\"\" \/><\/colgroup>\n<tbody>\n<tr>\n<td valign=\"\" width=\"\">AQSTPP16<\/td>\n<td valign=\"\" width=\"\">MODEL TPP 16<\/td>\n<td valign=\"\" width=\"\">185X185XH90<\/td>\n<td valign=\"\" width=\"\">1-100X100, OR 2-100X50,\u00a0OR 4-50X50<\/td>\n<\/tr>\n<tr>\n<td valign=\"\" width=\"\">\n<p align=\"\">AQSTPP18<\/p>\n<\/td>\n<td valign=\"\" width=\"\">\n<p align=\"\">MODEL TPP 18<\/p>\n<\/td>\n<td valign=\"\" width=\"\">\n<p lang=\"\" align=\"\">180X200XH90<\/p>\n<\/td>\n<td valign=\"\" width=\"\">\n<p align=\"\">1-130X105, OR 2-105X65,<\/p>\n<p align=\"\">OR 4-50X50<\/p>\n<\/td>\n<\/tr>\n<tr>\n<td valign=\"\" width=\"\">\n<p align=\"\">AQSTPP20<\/p>\n<\/td>\n<td valign=\"\" width=\"\">\n<p align=\"\">MODEL TPP 20<\/p>\n<\/td>\n<td valign=\"\" width=\"\">\n<p lang=\"\" align=\"\">200X200XH90<\/p>\n<\/td>\n<td valign=\"\" width=\"\">\n<p align=\"\">1-150X105, OR 2-105X75,<\/p>\n<p align=\"\">OR 4-75X50<\/p>\n<\/td>\n<\/tr>\n<tr>\n<td valign=\"\" width=\"\">\n<p align=\"\">AQSTPP22<\/p>\n<\/td>\n<td valign=\"\" width=\"\">\n<p align=\"\">MODEL TPP 22<\/p>\n<\/td>\n<td valign=\"\" width=\"\">\n<p lang=\"\" align=\"\">210X210XH90<\/p>\n<\/td>\n<td valign=\"\" width=\"\">\n<p align=\"\">1-150X130, OR 2-130X75,<\/p>\n<p align=\"\">OR 4-75X75<\/p>\n<\/td>\n<\/tr>\n<tr>\n<td valign=\"\" width=\"\">\n<p align=\"\">AQSTPP24<\/p>\n<\/td>\n<td valign=\"\" width=\"\">\n<p align=\"\">MODEL TPP 24<\/p>\n<\/td>\n<td valign=\"\" width=\"\">\n<p lang=\"\" align=\"\">210X230XH90<\/p>\n<\/td>\n<td valign=\"\" width=\"\">\n<p align=\"\">1-150X150, OR 2-150X75,<\/p>\n<p align=\"\">OR 4-75X75<\/p>\n<\/td>\n<\/tr>\n<\/tbody>\n<\/table>\n","protected":false},"featured_media":8047,"template":"","meta":{"_acf_changed":false,"_vp_format_video_url":"","_vp_image_focal_point":[]},"product_cat":[810],"product_tag":[],"class_list":{"0":"post-8046","1":"product","2":"type-product","3":"status-publish","4":"has-post-thumbnail","6":"product_cat-serigraphic-laboratory-fr","8":"first","9":"instock","10":"featured","11":"shipping-taxable","12":"product-type-simple"},"acf":[],"_links":{"self":[{"href":"https:\/\/www.seedex.it\/fr\/wp-json\/wp\/v2\/product\/8046"}],"collection":[{"href":"https:\/\/www.seedex.it\/fr\/wp-json\/wp\/v2\/product"}],"about":[{"href":"https:\/\/www.seedex.it\/fr\/wp-json\/wp\/v2\/types\/product"}],"wp:featuredmedia":[{"embeddable":true,"href":"https:\/\/www.seedex.it\/fr\/wp-json\/wp\/v2\/media\/8047"}],"wp:attachment":[{"href":"https:\/\/www.seedex.it\/fr\/wp-json\/wp\/v2\/media?parent=8046"}],"wp:term":[{"taxonomy":"product_cat","embeddable":true,"href":"https:\/\/www.seedex.it\/fr\/wp-json\/wp\/v2\/product_cat?post=8046"},{"taxonomy":"product_tag","embeddable":true,"href":"https:\/\/www.seedex.it\/fr\/wp-json\/wp\/v2\/product_tag?post=8046"}],"curies":[{"name":"wp","href":"https:\/\/api.w.org\/{rel}","templated":true}]}}