{"id":7708,"date":"2025-06-17T13:44:50","date_gmt":"2025-06-17T13:44:50","guid":{"rendered":"https:\/\/www.seedex.it\/prodotto\/degasatore-radial-flow-3m-g924w-nextgen-2\/"},"modified":"2025-09-08T08:47:43","modified_gmt":"2025-09-08T08:47:43","slug":"degazeur-a-flux-radial-3m-g924w-nextgen-2","status":"publish","type":"product","link":"https:\/\/www.seedex.it\/fr\/prodotto\/degazeur-a-flux-radial-3m-g924w-nextgen-2\/","title":{"rendered":"D\u00c9GAZEUR \u00c0 FLUX RADIAL 3M G924W NEXTGEN"},"content":{"rendered":"","protected":false},"excerpt":{"rendered":"<p><b>D\u00c9GAZEUR \u00c0 FLUX RADIAL 3M G924W NEXTGEN<\/b><\/p>\n<ul>\n<li style=\"font-weight: 400;\" aria-level=\"1\"><b>Code Produit :<\/b><span style=\"font-weight: 400;\"> 9620530017 &#8211; G700233<\/span><\/li>\n<li style=\"font-weight: 400;\" aria-level=\"1\"><b>Code Seedex :<\/b><span style=\"font-weight: 400;\"> SDCASDR22699<\/span><\/li>\n<\/ul>\n","protected":false},"featured_media":7709,"template":"","meta":{"_acf_changed":false,"_vp_format_video_url":"","_vp_image_focal_point":[]},"product_cat":[438,439],"product_tag":[],"class_list":{"0":"post-7708","1":"product","2":"type-product","3":"status-publish","4":"has-post-thumbnail","6":"product_cat-impression-numerique-ceramique","7":"product_cat-ricambi-e-consumabili-fr","9":"first","10":"instock","11":"product-type-simple"},"acf":[],"_links":{"self":[{"href":"https:\/\/www.seedex.it\/fr\/wp-json\/wp\/v2\/product\/7708"}],"collection":[{"href":"https:\/\/www.seedex.it\/fr\/wp-json\/wp\/v2\/product"}],"about":[{"href":"https:\/\/www.seedex.it\/fr\/wp-json\/wp\/v2\/types\/product"}],"wp:featuredmedia":[{"embeddable":true,"href":"https:\/\/www.seedex.it\/fr\/wp-json\/wp\/v2\/media\/7709"}],"wp:attachment":[{"href":"https:\/\/www.seedex.it\/fr\/wp-json\/wp\/v2\/media?parent=7708"}],"wp:term":[{"taxonomy":"product_cat","embeddable":true,"href":"https:\/\/www.seedex.it\/fr\/wp-json\/wp\/v2\/product_cat?post=7708"},{"taxonomy":"product_tag","embeddable":true,"href":"https:\/\/www.seedex.it\/fr\/wp-json\/wp\/v2\/product_tag?post=7708"}],"curies":[{"name":"wp","href":"https:\/\/api.w.org\/{rel}","templated":true}]}}