{"id":7683,"date":"2024-09-13T09:03:56","date_gmt":"2024-09-13T09:03:56","guid":{"rendered":"https:\/\/www.seedex.it\/prodotto\/alberi-flottanti-boccole-molle-mandrini\/"},"modified":"2025-09-08T07:45:39","modified_gmt":"2025-09-08T07:45:39","slug":"arbres-flottants-bagues-ressorts-mandrins","status":"publish","type":"product","link":"https:\/\/www.seedex.it\/fr\/prodotto\/arbres-flottants-bagues-ressorts-mandrins\/","title":{"rendered":"Arbres Flottants, Bagues, Ressorts, Mandrins"},"content":{"rendered":"","protected":false},"excerpt":{"rendered":"<p><span style=\"font-weight: 400;\">Pi\u00e8ces et consommables pour les syst\u00e8mes de chargement et de d\u00e9chargement de toutes marques (arbres flottants, bagues, ressorts, mandrins).<\/span><\/p>\n","protected":false},"featured_media":7685,"template":"","meta":{"_acf_changed":false,"_vp_format_video_url":"","_vp_image_focal_point":[]},"product_cat":[436],"product_tag":[],"class_list":{"0":"post-7683","1":"product","2":"type-product","3":"status-publish","4":"has-post-thumbnail","6":"product_cat-chargement-dechargement-et-stockage","8":"first","9":"instock","10":"product-type-simple"},"acf":[],"_links":{"self":[{"href":"https:\/\/www.seedex.it\/fr\/wp-json\/wp\/v2\/product\/7683"}],"collection":[{"href":"https:\/\/www.seedex.it\/fr\/wp-json\/wp\/v2\/product"}],"about":[{"href":"https:\/\/www.seedex.it\/fr\/wp-json\/wp\/v2\/types\/product"}],"wp:featuredmedia":[{"embeddable":true,"href":"https:\/\/www.seedex.it\/fr\/wp-json\/wp\/v2\/media\/7685"}],"wp:attachment":[{"href":"https:\/\/www.seedex.it\/fr\/wp-json\/wp\/v2\/media?parent=7683"}],"wp:term":[{"taxonomy":"product_cat","embeddable":true,"href":"https:\/\/www.seedex.it\/fr\/wp-json\/wp\/v2\/product_cat?post=7683"},{"taxonomy":"product_tag","embeddable":true,"href":"https:\/\/www.seedex.it\/fr\/wp-json\/wp\/v2\/product_tag?post=7683"}],"curies":[{"name":"wp","href":"https:\/\/api.w.org\/{rel}","templated":true}]}}