{"id":7668,"date":"2024-09-13T09:05:32","date_gmt":"2024-09-13T09:05:32","guid":{"rendered":"https:\/\/www.seedex.it\/prodotto\/ciottoli-in-silice\/"},"modified":"2025-09-08T07:37:25","modified_gmt":"2025-09-08T07:37:25","slug":"cailloux-en-siles","status":"publish","type":"product","link":"https:\/\/www.seedex.it\/fr\/prodotto\/cailloux-en-siles\/","title":{"rendered":"Cailloux en siles"},"content":{"rendered":"","protected":false},"excerpt":{"rendered":"<p>Ils sont disponibles en deux types diff\u00e9rents, d&#8217;origine fran\u00e7aise et\/ou espagnole.<br \/>\nS\u00e9lectionn\u00e9s avec soin, ils sont disponibles en diff\u00e9rentes tailles.<\/p>\n","protected":false},"featured_media":7670,"template":"","meta":{"_acf_changed":false,"_vp_format_video_url":"","_vp_image_focal_point":[]},"product_cat":[432],"product_tag":[],"class_list":{"0":"post-7668","1":"product","2":"type-product","3":"status-publish","4":"has-post-thumbnail","6":"product_cat-preparation-de-la-pate","8":"first","9":"instock","10":"product-type-simple"},"acf":[],"_links":{"self":[{"href":"https:\/\/www.seedex.it\/fr\/wp-json\/wp\/v2\/product\/7668"}],"collection":[{"href":"https:\/\/www.seedex.it\/fr\/wp-json\/wp\/v2\/product"}],"about":[{"href":"https:\/\/www.seedex.it\/fr\/wp-json\/wp\/v2\/types\/product"}],"wp:featuredmedia":[{"embeddable":true,"href":"https:\/\/www.seedex.it\/fr\/wp-json\/wp\/v2\/media\/7670"}],"wp:attachment":[{"href":"https:\/\/www.seedex.it\/fr\/wp-json\/wp\/v2\/media?parent=7668"}],"wp:term":[{"taxonomy":"product_cat","embeddable":true,"href":"https:\/\/www.seedex.it\/fr\/wp-json\/wp\/v2\/product_cat?post=7668"},{"taxonomy":"product_tag","embeddable":true,"href":"https:\/\/www.seedex.it\/fr\/wp-json\/wp\/v2\/product_tag?post=7668"}],"curies":[{"name":"wp","href":"https:\/\/api.w.org\/{rel}","templated":true}]}}