{"id":7642,"date":"2024-09-13T09:03:56","date_gmt":"2024-09-13T09:03:56","guid":{"rendered":"https:\/\/www.seedex.it\/prodotto\/rulli-e-coperture-in-gomma\/"},"modified":"2025-09-08T07:27:26","modified_gmt":"2025-09-08T07:27:26","slug":"rouleaux-et-rouleaux-en-caoutchouc","status":"publish","type":"product","link":"https:\/\/www.seedex.it\/fr\/prodotto\/rouleaux-et-rouleaux-en-caoutchouc\/","title":{"rendered":"Rouleaux et rouleaux en caoutchouc"},"content":{"rendered":"","protected":false},"excerpt":{"rendered":"<p><span style=\"font-weight: 400;\">Rouleaux m\u00e9talliques rev\u00eatus de caoutchouc pour syst\u00e8mes de chargement et de d\u00e9chargement de toutes marques<\/span><\/p>\n","protected":false},"featured_media":7644,"template":"","meta":{"_acf_changed":false,"_vp_format_video_url":"","_vp_image_focal_point":[]},"product_cat":[432],"product_tag":[],"class_list":{"0":"post-7642","1":"product","2":"type-product","3":"status-publish","4":"has-post-thumbnail","6":"product_cat-preparation-de-la-pate","8":"first","9":"instock","10":"product-type-simple"},"acf":[],"_links":{"self":[{"href":"https:\/\/www.seedex.it\/fr\/wp-json\/wp\/v2\/product\/7642"}],"collection":[{"href":"https:\/\/www.seedex.it\/fr\/wp-json\/wp\/v2\/product"}],"about":[{"href":"https:\/\/www.seedex.it\/fr\/wp-json\/wp\/v2\/types\/product"}],"wp:featuredmedia":[{"embeddable":true,"href":"https:\/\/www.seedex.it\/fr\/wp-json\/wp\/v2\/media\/7644"}],"wp:attachment":[{"href":"https:\/\/www.seedex.it\/fr\/wp-json\/wp\/v2\/media?parent=7642"}],"wp:term":[{"taxonomy":"product_cat","embeddable":true,"href":"https:\/\/www.seedex.it\/fr\/wp-json\/wp\/v2\/product_cat?post=7642"},{"taxonomy":"product_tag","embeddable":true,"href":"https:\/\/www.seedex.it\/fr\/wp-json\/wp\/v2\/product_tag?post=7642"}],"curies":[{"name":"wp","href":"https:\/\/api.w.org\/{rel}","templated":true}]}}