{"id":7635,"date":"2025-06-18T07:55:14","date_gmt":"2025-06-18T07:55:14","guid":{"rendered":"https:\/\/www.seedex.it\/prodotto\/tazze\/"},"modified":"2025-09-08T07:25:51","modified_gmt":"2025-09-08T07:25:51","slug":"tasse","status":"publish","type":"product","link":"https:\/\/www.seedex.it\/fr\/prodotto\/tasse\/","title":{"rendered":"Tasse"},"content":{"rendered":"","protected":false},"excerpt":{"rendered":"<p><span style=\"font-weight: 400;\">Godets pour \u00e9l\u00e9vateurs, utilis\u00e9s pour le transport vertical de mat\u00e9riaux en vrac de diff\u00e9rentes granulom\u00e9tries.<\/span><\/p>\n","protected":false},"featured_media":7636,"template":"","meta":{"_acf_changed":false,"_vp_format_video_url":"","_vp_image_focal_point":[]},"product_cat":[432],"product_tag":[],"class_list":{"0":"post-7635","1":"product","2":"type-product","3":"status-publish","4":"has-post-thumbnail","6":"product_cat-preparation-de-la-pate","8":"first","9":"instock","10":"product-type-simple"},"acf":[],"_links":{"self":[{"href":"https:\/\/www.seedex.it\/fr\/wp-json\/wp\/v2\/product\/7635"}],"collection":[{"href":"https:\/\/www.seedex.it\/fr\/wp-json\/wp\/v2\/product"}],"about":[{"href":"https:\/\/www.seedex.it\/fr\/wp-json\/wp\/v2\/types\/product"}],"wp:featuredmedia":[{"embeddable":true,"href":"https:\/\/www.seedex.it\/fr\/wp-json\/wp\/v2\/media\/7636"}],"wp:attachment":[{"href":"https:\/\/www.seedex.it\/fr\/wp-json\/wp\/v2\/media?parent=7635"}],"wp:term":[{"taxonomy":"product_cat","embeddable":true,"href":"https:\/\/www.seedex.it\/fr\/wp-json\/wp\/v2\/product_cat?post=7635"},{"taxonomy":"product_tag","embeddable":true,"href":"https:\/\/www.seedex.it\/fr\/wp-json\/wp\/v2\/product_tag?post=7635"}],"curies":[{"name":"wp","href":"https:\/\/api.w.org\/{rel}","templated":true}]}}