{"id":7626,"date":"2024-09-13T09:03:56","date_gmt":"2024-09-13T09:03:56","guid":{"rendered":"https:\/\/www.seedex.it\/prodotto\/nastri-trasportatori\/"},"modified":"2025-09-08T07:23:46","modified_gmt":"2025-09-08T07:23:46","slug":"bandes-transporteuses","status":"publish","type":"product","link":"https:\/\/www.seedex.it\/fr\/prodotto\/bandes-transporteuses\/","title":{"rendered":"Bandes transporteuses"},"content":{"rendered":"","protected":false},"excerpt":{"rendered":"<p><span style=\"font-weight: 400;\">Bandes transporteuses fabriqu\u00e9es en diff\u00e9rentes versions, dimensions et mat\u00e9riaux.<\/span><\/p>\n","protected":false},"featured_media":7628,"template":"","meta":{"_acf_changed":false,"_vp_format_video_url":"","_vp_image_focal_point":[]},"product_cat":[793,432],"product_tag":[],"class_list":{"0":"post-7626","1":"product","2":"type-product","3":"status-publish","4":"has-post-thumbnail","6":"product_cat-forno-ed-essiccatore-fr","7":"product_cat-preparation-de-la-pate","9":"first","10":"instock","11":"product-type-simple"},"acf":[],"_links":{"self":[{"href":"https:\/\/www.seedex.it\/fr\/wp-json\/wp\/v2\/product\/7626"}],"collection":[{"href":"https:\/\/www.seedex.it\/fr\/wp-json\/wp\/v2\/product"}],"about":[{"href":"https:\/\/www.seedex.it\/fr\/wp-json\/wp\/v2\/types\/product"}],"wp:featuredmedia":[{"embeddable":true,"href":"https:\/\/www.seedex.it\/fr\/wp-json\/wp\/v2\/media\/7628"}],"wp:attachment":[{"href":"https:\/\/www.seedex.it\/fr\/wp-json\/wp\/v2\/media?parent=7626"}],"wp:term":[{"taxonomy":"product_cat","embeddable":true,"href":"https:\/\/www.seedex.it\/fr\/wp-json\/wp\/v2\/product_cat?post=7626"},{"taxonomy":"product_tag","embeddable":true,"href":"https:\/\/www.seedex.it\/fr\/wp-json\/wp\/v2\/product_tag?post=7626"}],"curies":[{"name":"wp","href":"https:\/\/api.w.org\/{rel}","templated":true}]}}