{"id":7617,"date":"2024-09-13T09:03:35","date_gmt":"2024-09-13T09:03:35","guid":{"rendered":"https:\/\/www.seedex.it\/prodotto\/deferizzatori\/"},"modified":"2025-09-08T07:19:31","modified_gmt":"2025-09-08T07:19:31","slug":"deferiseurs","status":"publish","type":"product","link":"https:\/\/www.seedex.it\/fr\/prodotto\/deferiseurs\/","title":{"rendered":"D\u00e9f\u00e9riseurs"},"content":{"rendered":"","protected":false},"excerpt":{"rendered":"<p><span style=\"font-weight: 400;\">D\u00e9f\u00e9riseur pour barbotine avec nettoyage automatique, adapt\u00e9 \u00e0 la d\u00e9f\u00e9rrisation des liquides denses tels que les barbotines c\u00e9ramiques et les eaux us\u00e9es.<\/span><\/p>\n","protected":false},"featured_media":7619,"template":"","meta":{"_acf_changed":false,"_vp_format_video_url":"","_vp_image_focal_point":[]},"product_cat":[432],"product_tag":[],"class_list":{"0":"post-7617","1":"product","2":"type-product","3":"status-publish","4":"has-post-thumbnail","6":"product_cat-preparation-de-la-pate","8":"first","9":"instock","10":"product-type-simple"},"acf":[],"_links":{"self":[{"href":"https:\/\/www.seedex.it\/fr\/wp-json\/wp\/v2\/product\/7617"}],"collection":[{"href":"https:\/\/www.seedex.it\/fr\/wp-json\/wp\/v2\/product"}],"about":[{"href":"https:\/\/www.seedex.it\/fr\/wp-json\/wp\/v2\/types\/product"}],"wp:featuredmedia":[{"embeddable":true,"href":"https:\/\/www.seedex.it\/fr\/wp-json\/wp\/v2\/media\/7619"}],"wp:attachment":[{"href":"https:\/\/www.seedex.it\/fr\/wp-json\/wp\/v2\/media?parent=7617"}],"wp:term":[{"taxonomy":"product_cat","embeddable":true,"href":"https:\/\/www.seedex.it\/fr\/wp-json\/wp\/v2\/product_cat?post=7617"},{"taxonomy":"product_tag","embeddable":true,"href":"https:\/\/www.seedex.it\/fr\/wp-json\/wp\/v2\/product_tag?post=7617"}],"curies":[{"name":"wp","href":"https:\/\/api.w.org\/{rel}","templated":true}]}}