{"id":7596,"date":"2024-09-13T09:03:34","date_gmt":"2024-09-13T09:03:34","guid":{"rendered":"https:\/\/www.seedex.it\/prodotto\/ugelli-per-atomizzatore\/"},"modified":"2025-09-08T07:13:31","modified_gmt":"2025-09-08T07:13:31","slug":"buses-datomiseur","status":"publish","type":"product","link":"https:\/\/www.seedex.it\/fr\/prodotto\/buses-datomiseur\/","title":{"rendered":"Buses d&#8217;atomiseur"},"content":{"rendered":"","protected":false},"excerpt":{"rendered":"<p><span style=\"font-weight: 400;\">Buses d&#8217;atomiseur compl\u00e8tes et pi\u00e8ces de rechange associ\u00e9es en carbure de tungst\u00e8ne et autres mat\u00e9riaux.<\/span><\/p>\n","protected":false},"featured_media":7597,"template":"","meta":{"_acf_changed":false,"_vp_format_video_url":"","_vp_image_focal_point":[]},"product_cat":[432],"product_tag":[],"class_list":{"0":"post-7596","1":"product","2":"type-product","3":"status-publish","4":"has-post-thumbnail","6":"product_cat-preparation-de-la-pate","8":"first","9":"instock","10":"product-type-simple"},"acf":[],"_links":{"self":[{"href":"https:\/\/www.seedex.it\/fr\/wp-json\/wp\/v2\/product\/7596"}],"collection":[{"href":"https:\/\/www.seedex.it\/fr\/wp-json\/wp\/v2\/product"}],"about":[{"href":"https:\/\/www.seedex.it\/fr\/wp-json\/wp\/v2\/types\/product"}],"wp:featuredmedia":[{"embeddable":true,"href":"https:\/\/www.seedex.it\/fr\/wp-json\/wp\/v2\/media\/7597"}],"wp:attachment":[{"href":"https:\/\/www.seedex.it\/fr\/wp-json\/wp\/v2\/media?parent=7596"}],"wp:term":[{"taxonomy":"product_cat","embeddable":true,"href":"https:\/\/www.seedex.it\/fr\/wp-json\/wp\/v2\/product_cat?post=7596"},{"taxonomy":"product_tag","embeddable":true,"href":"https:\/\/www.seedex.it\/fr\/wp-json\/wp\/v2\/product_tag?post=7596"}],"curies":[{"name":"wp","href":"https:\/\/api.w.org\/{rel}","templated":true}]}}