{"id":7275,"date":"2024-09-13T09:03:55","date_gmt":"2024-09-13T09:03:55","guid":{"rendered":"https:\/\/www.seedex.it\/prodotto\/engobbiatore-a-rullo\/"},"modified":"2025-09-05T10:19:14","modified_gmt":"2025-09-05T10:19:14","slug":"machine-a-rouleau-pour-lengobage","status":"publish","type":"product","link":"https:\/\/www.seedex.it\/fr\/prodotto\/machine-a-rouleau-pour-lengobage\/","title":{"rendered":"Machine \u00e0 rouleau pour l&#8217;engobage"},"content":{"rendered":"","protected":false},"excerpt":{"rendered":"<p><span style=\"font-weight: 400;\">Machine \u00e0 rouleau pour l&#8217;impression sur la face inf\u00e9rieure du carreau. Elle assure une parfaite application du produit et permet de contr\u00f4ler la quantit\u00e9 d&#8217;engobe appliqu\u00e9e.<\/span><\/p>\n<p><span style=\"font-weight: 400;\">D\u00e9couvrez la nouveaut\u00e9 : <a href=\"https:\/\/www.seedex.it\/fr\/prodotto\/rollsave\/\" target=\"_blank\" rel=\"noopener\">Rollsave<\/a><\/span><\/p>\n","protected":false},"featured_media":7277,"template":"","meta":{"_acf_changed":false,"_vp_format_video_url":"","_vp_image_focal_point":[]},"product_cat":[779],"product_tag":[],"class_list":{"0":"post-7275","1":"product","2":"type-product","3":"status-publish","4":"has-post-thumbnail","6":"product_cat-ligne-demaillage","8":"first","9":"instock","10":"product-type-simple"},"acf":[],"_links":{"self":[{"href":"https:\/\/www.seedex.it\/fr\/wp-json\/wp\/v2\/product\/7275"}],"collection":[{"href":"https:\/\/www.seedex.it\/fr\/wp-json\/wp\/v2\/product"}],"about":[{"href":"https:\/\/www.seedex.it\/fr\/wp-json\/wp\/v2\/types\/product"}],"wp:featuredmedia":[{"embeddable":true,"href":"https:\/\/www.seedex.it\/fr\/wp-json\/wp\/v2\/media\/7277"}],"wp:attachment":[{"href":"https:\/\/www.seedex.it\/fr\/wp-json\/wp\/v2\/media?parent=7275"}],"wp:term":[{"taxonomy":"product_cat","embeddable":true,"href":"https:\/\/www.seedex.it\/fr\/wp-json\/wp\/v2\/product_cat?post=7275"},{"taxonomy":"product_tag","embeddable":true,"href":"https:\/\/www.seedex.it\/fr\/wp-json\/wp\/v2\/product_tag?post=7275"}],"curies":[{"name":"wp","href":"https:\/\/api.w.org\/{rel}","templated":true}]}}