{"id":7265,"date":"2024-09-13T09:03:56","date_gmt":"2024-09-13T09:03:56","guid":{"rendered":"https:\/\/www.seedex.it\/prodotto\/cinghie-2\/"},"modified":"2025-09-05T07:42:11","modified_gmt":"2025-09-05T07:42:11","slug":"courroies-2","status":"publish","type":"product","link":"https:\/\/www.seedex.it\/fr\/prodotto\/courroies-2\/","title":{"rendered":"Courroies"},"content":{"rendered":"","protected":false},"excerpt":{"rendered":"<p><span style=\"font-weight: 400;\">Courroies standard, sp\u00e9ciales, dent\u00e9es, thermosoudables. Divers mat\u00e9riaux et longueurs<\/span><\/p>\n","protected":false},"featured_media":7267,"template":"","meta":{"_acf_changed":false,"_vp_format_video_url":"","_vp_image_focal_point":[]},"product_cat":[779],"product_tag":[],"class_list":{"0":"post-7265","1":"product","2":"type-product","3":"status-publish","4":"has-post-thumbnail","6":"product_cat-ligne-demaillage","8":"first","9":"instock","10":"product-type-simple"},"acf":[],"_links":{"self":[{"href":"https:\/\/www.seedex.it\/fr\/wp-json\/wp\/v2\/product\/7265"}],"collection":[{"href":"https:\/\/www.seedex.it\/fr\/wp-json\/wp\/v2\/product"}],"about":[{"href":"https:\/\/www.seedex.it\/fr\/wp-json\/wp\/v2\/types\/product"}],"wp:featuredmedia":[{"embeddable":true,"href":"https:\/\/www.seedex.it\/fr\/wp-json\/wp\/v2\/media\/7267"}],"wp:attachment":[{"href":"https:\/\/www.seedex.it\/fr\/wp-json\/wp\/v2\/media?parent=7265"}],"wp:term":[{"taxonomy":"product_cat","embeddable":true,"href":"https:\/\/www.seedex.it\/fr\/wp-json\/wp\/v2\/product_cat?post=7265"},{"taxonomy":"product_tag","embeddable":true,"href":"https:\/\/www.seedex.it\/fr\/wp-json\/wp\/v2\/product_tag?post=7265"}],"curies":[{"name":"wp","href":"https:\/\/api.w.org\/{rel}","templated":true}]}}