{"id":7134,"date":"2024-09-13T09:03:35","date_gmt":"2024-09-13T09:03:35","guid":{"rendered":"https:\/\/www.seedex.it\/prodotto\/spazzole\/"},"modified":"2025-09-04T15:54:42","modified_gmt":"2025-09-04T15:54:42","slug":"brosses","status":"publish","type":"product","link":"https:\/\/www.seedex.it\/fr\/prodotto\/brosses\/","title":{"rendered":"Brosses"},"content":{"rendered":"","protected":false},"excerpt":{"rendered":"<p><span style=\"font-weight: 400;\">Brosses standard, brosses \u00e0 rouleau et disques abrasifs de diff\u00e9rents mat\u00e9riaux et types pour la ligne d&#8217;\u00e9maillage.<\/span><\/p>\n","protected":false},"featured_media":7136,"template":"","meta":{"_acf_changed":false,"_vp_format_video_url":"","_vp_image_focal_point":[]},"product_cat":[779],"product_tag":[],"class_list":{"0":"post-7134","1":"product","2":"type-product","3":"status-publish","4":"has-post-thumbnail","6":"product_cat-ligne-demaillage","8":"first","9":"instock","10":"product-type-simple"},"acf":[],"_links":{"self":[{"href":"https:\/\/www.seedex.it\/fr\/wp-json\/wp\/v2\/product\/7134"}],"collection":[{"href":"https:\/\/www.seedex.it\/fr\/wp-json\/wp\/v2\/product"}],"about":[{"href":"https:\/\/www.seedex.it\/fr\/wp-json\/wp\/v2\/types\/product"}],"wp:featuredmedia":[{"embeddable":true,"href":"https:\/\/www.seedex.it\/fr\/wp-json\/wp\/v2\/media\/7136"}],"wp:attachment":[{"href":"https:\/\/www.seedex.it\/fr\/wp-json\/wp\/v2\/media?parent=7134"}],"wp:term":[{"taxonomy":"product_cat","embeddable":true,"href":"https:\/\/www.seedex.it\/fr\/wp-json\/wp\/v2\/product_cat?post=7134"},{"taxonomy":"product_tag","embeddable":true,"href":"https:\/\/www.seedex.it\/fr\/wp-json\/wp\/v2\/product_tag?post=7134"}],"curies":[{"name":"wp","href":"https:\/\/api.w.org\/{rel}","templated":true}]}}