{"id":7109,"date":"2024-09-13T09:06:02","date_gmt":"2024-09-13T09:06:02","guid":{"rendered":"https:\/\/www.seedex.it\/prodotto\/tavolo-da-lavoro\/"},"modified":"2025-09-04T15:42:13","modified_gmt":"2025-09-04T15:42:13","slug":"table-de-travail","status":"publish","type":"product","link":"https:\/\/www.seedex.it\/fr\/prodotto\/table-de-travail\/","title":{"rendered":"TABLE DE TRAVAIL"},"content":{"rendered":"","protected":false},"excerpt":{"rendered":"<p><span style=\"font-weight: 400;\">Cette table de travail est un outil de laboratoire indispensable pour les op\u00e9rateurs lors de la pr\u00e9paration des cadres et des cylindres de s\u00e9rigraphie, servant de support pour les outils, les pots de produits, les cadres, etc.<\/span><\/p>\n<p><b>DESCRIPTION ET CARACT\u00c9RISTIQUES :<\/b><\/p>\n<ul>\n<li style=\"font-weight: 400;\" aria-level=\"1\"><b>Structure robuste en acier peint.<\/b><\/li>\n<li style=\"font-weight: 400;\" aria-level=\"1\"><b>Surfaces sup\u00e9rieure et inf\u00e9rieure en bois bilamin\u00e9.<\/b><\/li>\n<li style=\"font-weight: 400;\" aria-level=\"1\"><b>Dimensions :<\/b><span style=\"font-weight: 400;\"> 200\u00a0x\u00a0100\u00a0x\u00a085\u00a0cm.<\/span><\/li>\n<\/ul>\n<p><span style=\"font-weight: 400;\">Cet article est <\/span><b>personnalisable par le client en termes de caract\u00e9ristiques et de dimensions<\/b><span style=\"font-weight: 400;\">.<\/span><\/p>\n","protected":false},"featured_media":7111,"template":"","meta":{"_acf_changed":false,"_vp_format_video_url":"","_vp_image_focal_point":[]},"product_cat":[740,751,741],"product_tag":[],"class_list":{"0":"post-7109","1":"product","2":"type-product","3":"status-publish","4":"has-post-thumbnail","6":"product_cat-laboratoire-de-serigraphie-piano","7":"product_cat-strumenti-fr","8":"product_cat-tavolo-da-lavoro-fr","10":"first","11":"instock","12":"product-type-simple"},"acf":[],"_links":{"self":[{"href":"https:\/\/www.seedex.it\/fr\/wp-json\/wp\/v2\/product\/7109"}],"collection":[{"href":"https:\/\/www.seedex.it\/fr\/wp-json\/wp\/v2\/product"}],"about":[{"href":"https:\/\/www.seedex.it\/fr\/wp-json\/wp\/v2\/types\/product"}],"wp:featuredmedia":[{"embeddable":true,"href":"https:\/\/www.seedex.it\/fr\/wp-json\/wp\/v2\/media\/7111"}],"wp:attachment":[{"href":"https:\/\/www.seedex.it\/fr\/wp-json\/wp\/v2\/media?parent=7109"}],"wp:term":[{"taxonomy":"product_cat","embeddable":true,"href":"https:\/\/www.seedex.it\/fr\/wp-json\/wp\/v2\/product_cat?post=7109"},{"taxonomy":"product_tag","embeddable":true,"href":"https:\/\/www.seedex.it\/fr\/wp-json\/wp\/v2\/product_tag?post=7109"}],"curies":[{"name":"wp","href":"https:\/\/api.w.org\/{rel}","templated":true}]}}