{"id":7101,"date":"2024-09-13T09:06:02","date_gmt":"2024-09-13T09:06:02","guid":{"rendered":"https:\/\/www.seedex.it\/prodotto\/pompa-aspirante-pa150-25\/"},"modified":"2025-09-04T15:38:24","modified_gmt":"2025-09-04T15:38:24","slug":"pompe-aspirante-pa150-25","status":"publish","type":"product","link":"https:\/\/www.seedex.it\/fr\/prodotto\/pompe-aspirante-pa150-25\/","title":{"rendered":"POMPE ASPIRANTE PA150\/25"},"content":{"rendered":"","protected":false},"excerpt":{"rendered":"<p><span style=\"font-weight: 400;\">Cette pompe est utilis\u00e9e pour <\/span><b>enlever l&#8217;exc\u00e8s d&#8217;eau<\/b><span style=\"font-weight: 400;\"> apr\u00e8s le d\u00e9veloppement d&#8217;\u00e9crans plats ou pour le <\/span><b>nettoyage des r\u00e9sidus<\/b><span style=\"font-weight: 400;\"> d&#8217;application de catalyseurs\/durcisseurs ou de rev\u00eatements protecteurs pendant le processus de finition de l&#8217;\u00e9cran.<\/span><\/p>\n<p><b>CARACT\u00c9RISTIQUES TECHNIQUES<\/b><\/p>\n<p><span style=\"font-weight: 400;\">La pompe aspirante est compos\u00e9e de trois parties :<\/span><\/p>\n<ul>\n<li style=\"font-weight: 400;\" aria-level=\"1\"><b>Moteur de roue \u00e0 aubes<\/b><span style=\"font-weight: 400;\"> d&#8217;une capacit\u00e9 de 150\u00a0m\u00b3\/heure.<\/span><\/li>\n<li style=\"font-weight: 400;\" aria-level=\"1\"><b>Corps central avec une porte ouvrante<\/b><span style=\"font-weight: 400;\"> qui permet l&#8217;extraction du conteneur qui collecte les d\u00e9chets.<\/span><\/li>\n<li style=\"font-weight: 400;\" aria-level=\"1\"><span style=\"font-weight: 400;\">Une <\/span><b>pale d&#8217;aspiration en fer galvanis\u00e9<\/b><span style=\"font-weight: 400;\"> est disponible en deux tailles principales : 24\u00a0cm et 40\u00a0cm.<\/span><\/li>\n<\/ul>\n<p><b>ALIMENTATION \u00c9LECTRIQUE<\/b><\/p>\n<ul>\n<li style=\"font-weight: 400;\" aria-level=\"1\"><span style=\"font-weight: 400;\">380\u00a0V \u2013 50\u00a0Hz<\/span><\/li>\n<\/ul>\n<p>&nbsp;<\/p>\n<p>&nbsp;<\/p>\n","protected":false},"featured_media":7103,"template":"","meta":{"_acf_changed":false,"_vp_format_video_url":"","_vp_image_focal_point":[]},"product_cat":[740,777,751],"product_tag":[],"class_list":{"0":"post-7101","1":"product","2":"type-product","3":"status-publish","4":"has-post-thumbnail","6":"product_cat-laboratoire-de-serigraphie-piano","7":"product_cat-pompa-aspirante-fr","8":"product_cat-strumenti-fr","10":"first","11":"instock","12":"product-type-simple"},"acf":[],"_links":{"self":[{"href":"https:\/\/www.seedex.it\/fr\/wp-json\/wp\/v2\/product\/7101"}],"collection":[{"href":"https:\/\/www.seedex.it\/fr\/wp-json\/wp\/v2\/product"}],"about":[{"href":"https:\/\/www.seedex.it\/fr\/wp-json\/wp\/v2\/types\/product"}],"wp:featuredmedia":[{"embeddable":true,"href":"https:\/\/www.seedex.it\/fr\/wp-json\/wp\/v2\/media\/7103"}],"wp:attachment":[{"href":"https:\/\/www.seedex.it\/fr\/wp-json\/wp\/v2\/media?parent=7101"}],"wp:term":[{"taxonomy":"product_cat","embeddable":true,"href":"https:\/\/www.seedex.it\/fr\/wp-json\/wp\/v2\/product_cat?post=7101"},{"taxonomy":"product_tag","embeddable":true,"href":"https:\/\/www.seedex.it\/fr\/wp-json\/wp\/v2\/product_tag?post=7101"}],"curies":[{"name":"wp","href":"https:\/\/api.w.org\/{rel}","templated":true}]}}