{"id":7083,"date":"2024-09-13T09:05:50","date_gmt":"2024-09-13T09:05:50","guid":{"rendered":"https:\/\/www.seedex.it\/prodotto\/pompa-sviluppo-a-pressione-blue-clean-620\/"},"modified":"2025-09-05T10:09:29","modified_gmt":"2025-09-05T10:09:29","slug":"pompe-de-developpement-a-pression-blue-clean-620","status":"publish","type":"product","link":"https:\/\/www.seedex.it\/fr\/prodotto\/pompe-de-developpement-a-pression-blue-clean-620\/","title":{"rendered":"POMPE DE D\u00c9VELOPPEMENT \u00c0 PRESSION BLUE CLEAN 620"},"content":{"rendered":"","protected":false},"excerpt":{"rendered":"<p><span style=\"font-weight: 400;\">Cette pompe est utilis\u00e9e pour le <\/span><b>d\u00e9veloppement manuel d&#8217;\u00e9crans d&#8217;impression plats et rotatifs<\/b><span style=\"font-weight: 400;\">. En utilisant son puissant jet d&#8217;eau, il est possible d&#8217;enlever l&#8217;exc\u00e8s d&#8217;\u00e9mulsion apr\u00e8s avoir appliqu\u00e9 le produit <\/span><b>STRIPPER<\/b><span style=\"font-weight: 400;\">.<\/span><\/p>\n<p><b>CARACT\u00c9RISTIQUES D&#8217;UTILISATION<\/b><\/p>\n<ul>\n<li style=\"font-weight: 400;\" aria-level=\"1\"><span style=\"font-weight: 400;\">La pompe Blue Clean est utilis\u00e9e en combinaison avec un <\/span><a href=\"https:\/\/www.seedex.it\/fr\/prodotto\/bacs-de-developpement-cv-et-sv\/\" target=\"_blank\" rel=\"noopener\"><b>BAC DE D\u00c9VELOPPEMENT<\/b><\/a><span style=\"font-weight: 400;\">.<\/span><\/li>\n<li style=\"font-weight: 400;\" aria-level=\"1\"><span style=\"font-weight: 400;\">La Blue Clean est \u00e9quip\u00e9e d&#8217;une <\/span><b>pompe \u00e0 3 pistons avec une pression de 120\u00a0bar<\/b><span style=\"font-weight: 400;\"> et d&#8217;un moteur silencieux de 1,5\u00a0CV.<\/span><\/li>\n<\/ul>\n<p><b>ALIMENTATION<\/b><\/p>\n<ul>\n<li style=\"font-weight: 400;\" aria-level=\"1\"><span style=\"font-weight: 400;\">220\u00a0volt\u00a0\u2013\u00a050\u00a0Hz<\/span><\/li>\n<li style=\"font-weight: 400;\" aria-level=\"1\"><span style=\"font-weight: 400;\">Consommation : 2,5\u00a0Kw<\/span><\/li>\n<\/ul>\n<table cellspacing=\"0\" cellpadding=\"7\">\n<thead>\n<tr>\n<td width=\"193\">\n<p lang=\"en\" align=\"CENTER\">CODE<\/p>\n<\/td>\n<td width=\"194\">\n<p lang=\"en\" align=\"CENTER\">NAME<\/p>\n<\/td>\n<td width=\"194\">\n<p lang=\"en\" align=\"CENTER\">MODEL<\/p>\n<\/td>\n<\/tr>\n<\/thead>\n<colgroup>\n<col width=\"193\" \/>\n<col width=\"194\" \/>\n<col width=\"194\" \/><\/colgroup>\n<tbody>\n<tr valign=\"TOP\">\n<td width=\"193\">\n<p lang=\"en\" align=\"CENTER\">AQSPBC620AR<\/p>\n<\/td>\n<td width=\"194\">\n<p lang=\"en\" align=\"CENTER\">BLUE CLEAN PUMP<\/p>\n<\/td>\n<td width=\"194\">\n<p align=\"CENTER\">620 AR<\/p>\n<\/td>\n<\/tr>\n<\/tbody>\n<\/table>\n<p>&nbsp;<\/p>\n","protected":false},"featured_media":7085,"template":"","meta":{"_acf_changed":false,"_vp_format_video_url":"","_vp_image_focal_point":[]},"product_cat":[740,773,751],"product_tag":[],"class_list":{"0":"post-7083","1":"product","2":"type-product","3":"status-publish","4":"has-post-thumbnail","6":"product_cat-laboratoire-de-serigraphie-piano","7":"product_cat-pompa-di-sviluppo-a-pressione-fr","8":"product_cat-strumenti-fr","10":"first","11":"instock","12":"product-type-simple"},"acf":[],"_links":{"self":[{"href":"https:\/\/www.seedex.it\/fr\/wp-json\/wp\/v2\/product\/7083"}],"collection":[{"href":"https:\/\/www.seedex.it\/fr\/wp-json\/wp\/v2\/product"}],"about":[{"href":"https:\/\/www.seedex.it\/fr\/wp-json\/wp\/v2\/types\/product"}],"wp:featuredmedia":[{"embeddable":true,"href":"https:\/\/www.seedex.it\/fr\/wp-json\/wp\/v2\/media\/7085"}],"wp:attachment":[{"href":"https:\/\/www.seedex.it\/fr\/wp-json\/wp\/v2\/media?parent=7083"}],"wp:term":[{"taxonomy":"product_cat","embeddable":true,"href":"https:\/\/www.seedex.it\/fr\/wp-json\/wp\/v2\/product_cat?post=7083"},{"taxonomy":"product_tag","embeddable":true,"href":"https:\/\/www.seedex.it\/fr\/wp-json\/wp\/v2\/product_tag?post=7083"}],"curies":[{"name":"wp","href":"https:\/\/api.w.org\/{rel}","templated":true}]}}