{"id":7073,"date":"2024-09-13T09:05:50","date_gmt":"2024-09-13T09:05:50","guid":{"rendered":"https:\/\/www.seedex.it\/prodotto\/vasca-di-sviluppo-cv-e-sv\/"},"modified":"2025-09-04T15:21:26","modified_gmt":"2025-09-04T15:21:26","slug":"bacs-de-developpement-cv-et-sv","status":"publish","type":"product","link":"https:\/\/www.seedex.it\/fr\/prodotto\/bacs-de-developpement-cv-et-sv\/","title":{"rendered":"Bacs de D\u00e9veloppement CV et SV"},"content":{"rendered":"","protected":false},"excerpt":{"rendered":"<p><span style=\"font-weight: 400;\">Ces <\/span><b>bacs en PVC<\/b><span style=\"font-weight: 400;\"> sont utilis\u00e9s pour le <\/span><b>traitement manuel des \u00e9crans plats ou ronds<\/b><span style=\"font-weight: 400;\"> apr\u00e8s la phase d&#8217;exposition.<\/span><\/p>\n<p><b>ACCESSOIRES RECOMMAND\u00c9S :<\/b><\/p>\n<ul>\n<li style=\"font-weight: 400;\" aria-level=\"1\"><span style=\"font-weight: 400;\">Pompe \u00e0 jet d&#8217;eau<\/span><\/li>\n<li style=\"font-weight: 400;\" aria-level=\"1\"><span style=\"font-weight: 400;\">Aspirateur \u00e0 eau<\/span><\/li>\n<\/ul>\n<p><b>CARACT\u00c9RISTIQUES TECHNIQUES :<\/b><\/p>\n<ul>\n<li style=\"font-weight: 400;\" aria-level=\"1\"><span style=\"font-weight: 400;\">Le ch\u00e2ssis de support est en <\/span><b>acier peint<\/b><span style=\"font-weight: 400;\">.<\/span><\/li>\n<li style=\"font-weight: 400;\" aria-level=\"1\"><span style=\"font-weight: 400;\">Le bac est en <\/span><b>PVC r\u00e9sistant aux acides<\/b><span style=\"font-weight: 400;\">, \u00e9lectro-soud\u00e9 avec des bords robustes.<\/span><\/li>\n<li style=\"font-weight: 400;\" aria-level=\"1\"><span style=\"font-weight: 400;\">Fourni avec une <\/span><b>douchette et une robinetterie<\/b><span style=\"font-weight: 400;\">.<\/span><\/li>\n<li style=\"font-weight: 400;\" aria-level=\"1\"><span style=\"font-weight: 400;\">Une <\/span><b>grille de support pour cadre ou cylindre<\/b><span style=\"font-weight: 400;\"> est incluse.<\/span><\/li>\n<li style=\"font-weight: 400;\" aria-level=\"1\"><b>Visionneuse d&#8217;\u00e9clairage centrale<\/b><span style=\"font-weight: 400;\"> (mod\u00e8les CV) pour le contr\u00f4le du processus de d\u00e9veloppement.<\/span><\/li>\n<\/ul>\n<p><b>MOD\u00c8LES DISPONIBLES :<\/b><\/p>\n<ul>\n<li style=\"font-weight: 400;\" aria-level=\"1\"><b>SV :<\/b><span style=\"font-weight: 400;\"> Sans visionneuse centrale.<\/span><\/li>\n<li style=\"font-weight: 400;\" aria-level=\"1\"><b>CV :<\/b><span style=\"font-weight: 400;\"> Avec visionneuse centrale.<\/span><\/li>\n<li style=\"font-weight: 400;\" aria-level=\"1\"><b>CVRA (sur demande) :<\/b><span style=\"font-weight: 400;\"> Avec un <\/span><b>syst\u00e8me de recyclage de l&#8217;eau<\/b><span style=\"font-weight: 400;\"> et un bac \u00e0 chariot inf\u00e9rieur \u00e0 roues.<\/span><\/li>\n<\/ul>\n<table cellspacing=\"0\" cellpadding=\"7\">\n<thead>\n<tr>\n<td width=\"108\">\u00a0CODE<\/td>\n<td width=\"166\">NAME<\/td>\n<td width=\"81\">\u00a0MODEL<\/td>\n<td width=\"99\">USEFUL SIZE CM.<\/td>\n<td width=\"137\">OVERALL DIMENSIONS CM.<\/td>\n<\/tr>\n<\/thead>\n<colgroup>\n<col width=\"108\" \/>\n<col width=\"166\" \/>\n<col width=\"81\" \/>\n<col width=\"99\" \/>\n<col width=\"137\" \/><\/colgroup>\n<tbody>\n<tr valign=\"TOP\">\n<td width=\"108\" height=\"5\">\n<p align=\"CENTER\">AQSVCV070100<\/p>\n<\/td>\n<td width=\"166\">\n<p align=\"CENTER\">PVC DEVELOPING TANK<\/p>\n<\/td>\n<td width=\"81\">\n<p align=\"CENTER\">CV-0710<\/p>\n<\/td>\n<td width=\"99\">\n<p align=\"CENTER\">70X100<\/p>\n<\/td>\n<td width=\"137\">\n<p align=\"CENTER\">106X95X176 H.<\/p>\n<\/td>\n<\/tr>\n<tr valign=\"TOP\">\n<td width=\"108\" height=\"5\">\n<p align=\"CENTER\">AQSVSV070100<\/p>\n<\/td>\n<td width=\"166\">\n<p align=\"CENTER\">PVC DEVELOPING TANK<\/p>\n<\/td>\n<td width=\"81\">\n<p align=\"CENTER\">SV-0710<\/p>\n<\/td>\n<td width=\"99\">\n<p align=\"CENTER\">70X100<\/p>\n<\/td>\n<td width=\"137\">\n<p align=\"CENTER\">106X95X176 H.<\/p>\n<\/td>\n<\/tr>\n<tr valign=\"TOP\">\n<td width=\"108\" height=\"5\">\n<p align=\"CENTER\">AQSVCV075200<\/p>\n<\/td>\n<td width=\"166\">\n<p align=\"CENTER\">PVC DEVELOPING TANK<\/p>\n<\/td>\n<td width=\"81\">\n<p align=\"CENTER\">CV-0752<\/p>\n<\/td>\n<td width=\"99\">\n<p align=\"CENTER\">75X200<\/p>\n<\/td>\n<td width=\"137\">\n<p align=\"CENTER\">205X100X222 H.<\/p>\n<\/td>\n<\/tr>\n<tr valign=\"TOP\">\n<td width=\"108\" height=\"5\">\n<p align=\"CENTER\">AQSVSV075200<\/p>\n<\/td>\n<td width=\"166\">\n<p align=\"CENTER\">PVC DEVELOPING TANK<\/p>\n<\/td>\n<td width=\"81\">\n<p align=\"CENTER\">SV-0752<\/p>\n<\/td>\n<td width=\"99\">\n<p align=\"CENTER\">75X200<\/p>\n<\/td>\n<td width=\"137\">\n<p align=\"CENTER\">205X100X222 H.<\/p>\n<\/td>\n<\/tr>\n<tr valign=\"TOP\">\n<td width=\"108\" height=\"5\">\n<p align=\"CENTER\">AQSVCV100140<\/p>\n<\/td>\n<td width=\"166\">\n<p align=\"CENTER\">PVC DEVELOPING TANK<\/p>\n<\/td>\n<td width=\"81\">\n<p align=\"CENTER\">CV-1014<\/p>\n<\/td>\n<td width=\"99\">\n<p align=\"CENTER\">100X140<\/p>\n<\/td>\n<td width=\"137\">\n<p align=\"CENTER\">145X125X185 H.<\/p>\n<\/td>\n<\/tr>\n<tr valign=\"TOP\">\n<td width=\"108\" height=\"5\">\n<p align=\"CENTER\">AQSVSV100140<\/p>\n<\/td>\n<td width=\"166\">\n<p align=\"CENTER\">PVC DEVELOPING TANK<\/p>\n<\/td>\n<td width=\"81\">\n<p align=\"CENTER\">SV-1014<\/p>\n<\/td>\n<td width=\"99\">\n<p align=\"CENTER\">100X140<\/p>\n<\/td>\n<td width=\"137\">\n<p align=\"CENTER\">145X125X185 H.<\/p>\n<\/td>\n<\/tr>\n<tr valign=\"TOP\">\n<td width=\"108\" height=\"5\">\n<p align=\"CENTER\">AQSVCV120160<\/p>\n<\/td>\n<td width=\"166\">\n<p align=\"CENTER\">PVC DEVELOPING TANK<\/p>\n<\/td>\n<td width=\"81\">\n<p align=\"CENTER\">CV-1216<\/p>\n<\/td>\n<td width=\"99\">\n<p align=\"CENTER\">120X160<\/p>\n<\/td>\n<td width=\"137\">\n<p align=\"CENTER\">165X145X185 H.<\/p>\n<\/td>\n<\/tr>\n<tr valign=\"TOP\">\n<td width=\"108\" height=\"4\">\n<p align=\"CENTER\">AQSVSV120160<\/p>\n<\/td>\n<td width=\"166\">\n<p align=\"CENTER\">PVC DEVELOPING TANK<\/p>\n<\/td>\n<td width=\"81\">\n<p align=\"CENTER\">SV-1216<\/p>\n<\/td>\n<td width=\"99\">\n<p align=\"CENTER\">120X160<\/p>\n<\/td>\n<td width=\"137\">\n<p align=\"CENTER\">165X145X185 H.<\/p>\n<\/td>\n<\/tr>\n<\/tbody>\n<\/table>\n<p>&nbsp;<\/p>\n<p>&nbsp;<\/p>\n","protected":false},"featured_media":7075,"template":"","meta":{"_acf_changed":false,"_vp_format_video_url":"","_vp_image_focal_point":[]},"product_cat":[740,751,771],"product_tag":[],"class_list":{"0":"post-7073","1":"product","2":"type-product","3":"status-publish","4":"has-post-thumbnail","6":"product_cat-laboratoire-de-serigraphie-piano","7":"product_cat-strumenti-fr","8":"product_cat-vasca-di-sviluppo-fr","10":"first","11":"instock","12":"product-type-simple"},"acf":[],"_links":{"self":[{"href":"https:\/\/www.seedex.it\/fr\/wp-json\/wp\/v2\/product\/7073"}],"collection":[{"href":"https:\/\/www.seedex.it\/fr\/wp-json\/wp\/v2\/product"}],"about":[{"href":"https:\/\/www.seedex.it\/fr\/wp-json\/wp\/v2\/types\/product"}],"wp:featuredmedia":[{"embeddable":true,"href":"https:\/\/www.seedex.it\/fr\/wp-json\/wp\/v2\/media\/7075"}],"wp:attachment":[{"href":"https:\/\/www.seedex.it\/fr\/wp-json\/wp\/v2\/media?parent=7073"}],"wp:term":[{"taxonomy":"product_cat","embeddable":true,"href":"https:\/\/www.seedex.it\/fr\/wp-json\/wp\/v2\/product_cat?post=7073"},{"taxonomy":"product_tag","embeddable":true,"href":"https:\/\/www.seedex.it\/fr\/wp-json\/wp\/v2\/product_tag?post=7073"}],"curies":[{"name":"wp","href":"https:\/\/api.w.org\/{rel}","templated":true}]}}