{"id":6984,"date":"2024-09-13T09:05:49","date_gmt":"2024-09-13T09:05:49","guid":{"rendered":"https:\/\/www.seedex.it\/prodotto\/forno-polimerizzatore-fp\/"},"modified":"2025-09-04T13:34:10","modified_gmt":"2025-09-04T13:34:10","slug":"four-de-polymerisation-fp","status":"publish","type":"product","link":"https:\/\/www.seedex.it\/fr\/prodotto\/four-de-polymerisation-fp\/","title":{"rendered":"Four de Polym\u00e9risation FP"},"content":{"rendered":"","protected":false},"excerpt":{"rendered":"<p><span style=\"font-weight: 400;\">Le <\/span><b>four de polym\u00e9risation \u00e0 tiroirs Seedex FP<\/b><span style=\"font-weight: 400;\"> est utilis\u00e9 pour s\u00e9cher les \u00e9mulsions photosensibles \u00e0 basse temp\u00e9rature (30-35\u00b0C) ou pour les durcir\/polym\u00e9riser (apr\u00e8s application d&#8217;un durcisseur chimique appropri\u00e9) \u00e0 des temp\u00e9ratures plus \u00e9lev\u00e9es (55-65\u00b0C).<\/span><\/p>\n<p><b>CARACT\u00c9RISTIQUES TECHNIQUES<\/b><\/p>\n<ul>\n<li style=\"font-weight: 400;\" aria-level=\"1\"><b>Structure robuste en acier peint.<\/b><\/li>\n<li style=\"font-weight: 400;\" aria-level=\"1\"><b>Fonctionnement par ventilateur \u00e0 air chaud.<\/b><\/li>\n<li style=\"font-weight: 400;\" aria-level=\"1\"><b>Temp\u00e9rature maximale de fonctionnement : 100\u00b0C.<\/b><\/li>\n<li style=\"font-weight: 400;\" aria-level=\"1\"><b>Contr\u00f4le de la temp\u00e9rature<\/b><span style=\"font-weight: 400;\"> via un thermostat avec affichage num\u00e9rique.<\/span><\/li>\n<li style=\"font-weight: 400;\" aria-level=\"1\"><b>Tiroirs coulissants sur roulements.<\/b><\/li>\n<li style=\"font-weight: 400;\" aria-level=\"1\"><b>Versions standard<\/b><span style=\"font-weight: 400;\"> \u00e0 4 ou 6 tiroirs (d&#8217;autres mod\u00e8les ou dimensions peuvent \u00eatre disponibles sur demande).<\/span><\/li>\n<li style=\"font-weight: 400;\" aria-level=\"1\"><b>Surface de support sup\u00e9rieure<\/b><span style=\"font-weight: 400;\"> en bois stratifi\u00e9.<\/span><\/li>\n<\/ul>\n<p><b>ALIMENTATION \u00c9LECTRIQUE :<\/b><\/p>\n<ul>\n<li style=\"font-weight: 400;\" aria-level=\"1\"><span style=\"font-weight: 400;\">380\u00a0V \u2013 3 phases + terre &#8211; 50\u00a0Hertz.<\/span><\/li>\n<li style=\"font-weight: 400;\" aria-level=\"1\"><span style=\"font-weight: 400;\">Puissance install\u00e9e : 9\u00a0kW.<\/span><\/li>\n<\/ul>\n<p><b>PI\u00c8CES DE RECHANGE RECOMMAND\u00c9ES :<\/b><\/p>\n<ul>\n<li style=\"font-weight: 400;\" aria-level=\"1\"><span style=\"font-weight: 400;\">Minuterie pour d\u00e9marrage et arr\u00eat automatiques.<\/span><\/li>\n<li style=\"font-weight: 400;\" aria-level=\"1\"><span style=\"font-weight: 400;\">\u00c9l\u00e9ments chauffants.<\/span><\/li>\n<\/ul>\n<p><b>DURCISSEUR RECOMMAND\u00c9 :<\/b><\/p>\n<ul>\n<li style=\"font-weight: 400;\" aria-level=\"1\"><span style=\"font-weight: 400;\">Gelhard HD.<\/span><\/li>\n<\/ul>\n<table>\n<thead>\n<tr>\n<td width=\"146\">\n<p align=\"CENTER\">CODE<\/p>\n<\/td>\n<td width=\"146\">\n<p align=\"CENTER\">NAME AND MODEL<\/p>\n<\/td>\n<td width=\"109\">\n<p align=\"CENTER\">NUMBER OF DRAWERS<\/p>\n<\/td>\n<td width=\"127\">\n<p align=\"CENTER\">USEFUL DRAWER SIZE CM.<\/p>\n<\/td>\n<td width=\"146\">\n<p align=\"CENTER\">OVERALL DIMENSION CM.<\/p>\n<\/td>\n<\/tr>\n<\/thead>\n<tbody>\n<tr valign=\"TOP\">\n<td width=\"146\">\n<p align=\"CENTER\">AQSFES4073110<\/p>\n<\/td>\n<td width=\"146\">\n<p align=\"CENTER\">DRYER KILN FE-4<\/p>\n<\/td>\n<td width=\"109\">\n<p align=\"CENTER\">4<\/p>\n<\/td>\n<td width=\"127\">\n<p align=\"CENTER\">73 X 110<\/p>\n<\/td>\n<td width=\"146\">\n<p align=\"CENTER\">120 X 085 X H115<\/p>\n<\/td>\n<\/tr>\n<tr valign=\"TOP\">\n<td width=\"146\">\n<p align=\"CENTER\">AQSFES4093124<\/p>\n<\/td>\n<td width=\"146\">\n<p align=\"CENTER\">DRYER KILN FE-4<\/p>\n<\/td>\n<td width=\"109\">\n<p align=\"CENTER\">4<\/p>\n<\/td>\n<td width=\"127\">\n<p align=\"CENTER\">93 X 124<\/p>\n<\/td>\n<td width=\"146\">\n<p align=\"CENTER\">144 X 105 X H115<\/p>\n<\/td>\n<\/tr>\n<tr valign=\"TOP\">\n<td width=\"146\">\n<p align=\"CENTER\">AQSFES4103140<\/p>\n<\/td>\n<td width=\"146\">\n<p align=\"CENTER\">DRYER KILN FE-4<\/p>\n<\/td>\n<td width=\"109\">\n<p align=\"CENTER\">4<\/p>\n<\/td>\n<td width=\"127\">\n<p lang=\"en-US\" align=\"CENTER\">103 X 140<\/p>\n<\/td>\n<td width=\"146\">\n<p align=\"CENTER\">160 X 115 X H115<\/p>\n<\/td>\n<\/tr>\n<tr valign=\"TOP\">\n<td width=\"146\">\n<p align=\"CENTER\">AQSFES4123164<\/p>\n<\/td>\n<td width=\"146\">\n<p align=\"CENTER\">DRYER KILN FE-4<\/p>\n<\/td>\n<td width=\"109\">\n<p align=\"CENTER\">4<\/p>\n<\/td>\n<td width=\"127\">\n<p align=\"CENTER\">123 X 164<\/p>\n<\/td>\n<td width=\"146\">\n<p align=\"CENTER\">185 X 135 X H115<\/p>\n<\/td>\n<\/tr>\n<tr valign=\"TOP\">\n<td width=\"146\">\u00a0AQSFES4140180<\/td>\n<td width=\"146\">\n<p align=\"CENTER\">DRYER KILN FE-4<\/p>\n<\/td>\n<td width=\"109\">\n<p align=\"CENTER\">4<\/p>\n<\/td>\n<td width=\"127\">\n<p align=\"CENTER\">140 X 180<\/p>\n<\/td>\n<td width=\"146\">\n<p align=\"CENTER\">200 X 155 X H115<\/p>\n<\/td>\n<\/tr>\n<tr valign=\"TOP\">\n<td width=\"146\">\u00a0AQSFES4150250<\/td>\n<td width=\"146\">\n<p align=\"CENTER\">DRYER KILN FE-4<\/p>\n<\/td>\n<td width=\"109\">\n<p align=\"CENTER\">4<\/p>\n<\/td>\n<td width=\"127\">\n<p align=\"CENTER\">150 X 250<\/p>\n<\/td>\n<td width=\"146\">\n<p align=\"CENTER\">270 X 165 X H115<\/p>\n<\/td>\n<\/tr>\n<tr valign=\"TOP\">\n<td width=\"146\">\u00a0AQSFES6073110<\/td>\n<td width=\"146\">\n<p align=\"CENTER\">DRYER KILN FE-6<\/p>\n<\/td>\n<td width=\"109\">\n<p align=\"CENTER\">6<\/p>\n<\/td>\n<td width=\"127\">\n<p align=\"CENTER\">73 X 110<\/p>\n<\/td>\n<td width=\"146\">\n<p align=\"CENTER\">120 X 085 X H135<\/p>\n<\/td>\n<\/tr>\n<tr valign=\"TOP\">\n<td width=\"146\">\u00a0AQSFES6093124<\/td>\n<td width=\"146\">\n<p align=\"CENTER\">DRYER KILN FE-6<\/p>\n<\/td>\n<td width=\"109\">\n<p align=\"CENTER\">6<\/p>\n<\/td>\n<td width=\"127\">\n<p align=\"CENTER\">93 X 124<\/p>\n<\/td>\n<td width=\"146\">\n<p align=\"CENTER\">144 X 105 X H135<\/p>\n<\/td>\n<\/tr>\n<tr valign=\"TOP\">\n<td width=\"146\">\u00a0AQSFES6103140<\/td>\n<td width=\"146\">\n<p align=\"CENTER\">DRYER KILN FE-6<\/p>\n<\/td>\n<td width=\"109\">\n<p align=\"CENTER\">6<\/p>\n<\/td>\n<td width=\"127\">\n<p lang=\"en-US\" align=\"CENTER\">103 X 140<\/p>\n<\/td>\n<td width=\"146\">\n<p align=\"CENTER\">160 X 115 X H135<\/p>\n<\/td>\n<\/tr>\n<tr valign=\"TOP\">\n<td width=\"146\">\u00a0AQSFES6123164<\/td>\n<td width=\"146\">\n<p align=\"CENTER\">DRYER KILN FE-6<\/p>\n<\/td>\n<td width=\"109\">\n<p align=\"CENTER\">6<\/p>\n<\/td>\n<td width=\"127\">\n<p align=\"CENTER\">123 X 164<\/p>\n<\/td>\n<td width=\"146\">\n<p align=\"CENTER\">185 X 135 X H135<\/p>\n<\/td>\n<\/tr>\n<tr valign=\"TOP\">\n<td width=\"146\">AQSFES6140180<\/td>\n<td width=\"146\">\n<p align=\"CENTER\">DRYER KILN FE-6<\/p>\n<\/td>\n<td width=\"109\">\n<p align=\"CENTER\">6<\/p>\n<\/td>\n<td width=\"127\">\n<p align=\"CENTER\">140 X 180<\/p>\n<\/td>\n<td width=\"146\">\n<p align=\"CENTER\">200 X 155 X H135<\/p>\n<\/td>\n<\/tr>\n<tr valign=\"TOP\">\n<td width=\"146\">\u00a0AQSFES6150250<\/td>\n<td width=\"146\">\n<p align=\"CENTER\">DRYER KILN FE-6<\/p>\n<\/td>\n<td width=\"109\">\n<p align=\"CENTER\">6<\/p>\n<\/td>\n<td width=\"127\">\n<p align=\"CENTER\">150 X 250<\/p>\n<\/td>\n<td width=\"146\">\n<p align=\"CENTER\">270 X 165 X H135<\/p>\n<\/td>\n<\/tr>\n<\/tbody>\n<\/table>\n<p>&nbsp;<\/p>\n<p>&nbsp;<\/p>\n<p>&nbsp;<\/p>\n","protected":false},"featured_media":6986,"template":"","meta":{"_acf_changed":false,"_vp_format_video_url":"","_vp_image_focal_point":[]},"product_cat":[759,740,751],"product_tag":[],"class_list":{"0":"post-6984","1":"product","2":"type-product","3":"status-publish","4":"has-post-thumbnail","6":"product_cat-forni-fr","7":"product_cat-laboratoire-de-serigraphie-piano","8":"product_cat-strumenti-fr","10":"first","11":"instock","12":"product-type-simple"},"acf":[],"_links":{"self":[{"href":"https:\/\/www.seedex.it\/fr\/wp-json\/wp\/v2\/product\/6984"}],"collection":[{"href":"https:\/\/www.seedex.it\/fr\/wp-json\/wp\/v2\/product"}],"about":[{"href":"https:\/\/www.seedex.it\/fr\/wp-json\/wp\/v2\/types\/product"}],"wp:featuredmedia":[{"embeddable":true,"href":"https:\/\/www.seedex.it\/fr\/wp-json\/wp\/v2\/media\/6986"}],"wp:attachment":[{"href":"https:\/\/www.seedex.it\/fr\/wp-json\/wp\/v2\/media?parent=6984"}],"wp:term":[{"taxonomy":"product_cat","embeddable":true,"href":"https:\/\/www.seedex.it\/fr\/wp-json\/wp\/v2\/product_cat?post=6984"},{"taxonomy":"product_tag","embeddable":true,"href":"https:\/\/www.seedex.it\/fr\/wp-json\/wp\/v2\/product_tag?post=6984"}],"curies":[{"name":"wp","href":"https:\/\/api.w.org\/{rel}","templated":true}]}}