{"id":6945,"date":"2024-09-13T09:05:49","date_gmt":"2024-09-13T09:05:49","guid":{"rendered":"https:\/\/www.seedex.it\/prodotto\/tendiseta-manuale-tme\/"},"modified":"2025-09-04T13:05:15","modified_gmt":"2025-09-04T13:05:15","slug":"tendeuse-manuelle-tme","status":"publish","type":"product","link":"https:\/\/www.seedex.it\/fr\/prodotto\/tendeuse-manuelle-tme\/","title":{"rendered":"Tendeuse Manuelle TME"},"content":{"rendered":"","protected":false},"excerpt":{"rendered":"<p><span style=\"font-weight: 400;\">Cette <\/span><b>tendeuse manuelle<\/b><span style=\"font-weight: 400;\"> est fabriqu\u00e9e en acier inoxydable peint et dispose d&#8217;une fermeture manuelle des pinces. Tous les mouvements sont effectu\u00e9s par deux volants de guidage et un volant sur la poutre. Elle est fournie avec trois barres de pression et tous les accessoires n\u00e9cessaires.<\/span><\/p>\n<p><span style=\"font-weight: 400;\">Le <\/span><b>&#8220;multistretcher&#8221; TME<\/b><span style=\"font-weight: 400;\"> est une unit\u00e9 de tension de toile \u00e0 usage professionnel. Il permet de tendre la toile sur plusieurs cadres de formats et de profils diff\u00e9rents simultan\u00e9ment, r\u00e9duisant ainsi le gaspillage de toile au minimum et rendant la production plus \u00e9conomique.<\/span><\/p>\n<p><span style=\"font-weight: 400;\">Les cadres peuvent \u00eatre tendus droits ou sous n&#8217;importe quel angle avec de la toile synth\u00e9tique, du polyester m\u00e9tallis\u00e9 et de la toile en acier inoxydable pour produire des pochoirs reproductibles pour tous les types d&#8217;impression. Gr\u00e2ce aux volants et aux mouvements sur les trois c\u00f4t\u00e9s, une tension parall\u00e8le et uniforme des mailles de cha\u00eene et de trame est garantie. L&#8217;uniformit\u00e9 de l&#8217;\u00e9tirement sur toute la surface est maintenue par les pinces sur les trois c\u00f4t\u00e9s, qui glissent ind\u00e9pendamment sur des roulements \u00e0 rouleaux.<\/span><\/p>\n<table>\n<thead>\n<tr>\n<td>CODE<\/td>\n<td>NAME<\/td>\n<td>MODEL<\/td>\n<td>USEFUL FRAME SIZE CM.<\/td>\n<td>OVERALL DIMENSION CM.<\/td>\n<\/tr>\n<\/thead>\n<tbody>\n<tr valign=\"\">\n<td width=\"\" height=\"\">AQSTME1330PM<\/td>\n<td width=\"\" height=\"\">MANUAL STRETCHING MACHINE<\/td>\n<td width=\"\">TME 130X300<\/td>\n<td width=\"\">\n<p align=\"\">130X300<\/p>\n<\/td>\n<td width=\"\">\n<p align=\"\">390X186XH112<\/p>\n<\/td>\n<\/tr>\n<tr valign=\"\">\n<td width=\"\" height=\"\">\n<p align=\"\">AQSTME1630PM<\/p>\n<\/td>\n<td width=\"\" height=\"\">\n<p align=\"\">MANUAL STRETCHING MACHINE<\/p>\n<\/td>\n<td width=\"\">\n<p align=\"\">TME 160X300<\/p>\n<\/td>\n<td width=\"\">\n<p align=\"\">160X300<\/p>\n<\/td>\n<td width=\"\">\u00a0390X216XH112<\/td>\n<\/tr>\n<tr valign=\"\">\n<td width=\"\" height=\"\">\n<p align=\"\">AQSTME1830PM<\/p>\n<\/td>\n<td width=\"\" height=\"\">\n<p align=\"\">MANUAL STRETCHING MACHINE<\/p>\n<\/td>\n<td width=\"\">\n<p align=\"\">TME 180X300<\/p>\n<\/td>\n<td width=\"\">\n<p align=\"\">180X300<\/p>\n<\/td>\n<td width=\"\">\u00a0390X236XH112<\/td>\n<\/tr>\n<tr valign=\"\">\n<td width=\"\" height=\"\">\n<p align=\"\">AQSTME2030PM<\/p>\n<\/td>\n<td width=\"\" height=\"\">\n<p align=\"\">MANUAL STRETCHING MACHINE<\/p>\n<\/td>\n<td width=\"\">\n<p align=\"\">TME 200X300<\/p>\n<\/td>\n<td width=\"\">\n<p align=\"\">200X300<\/p>\n<\/td>\n<td width=\"\">\u00a0390X256XH112<\/td>\n<\/tr>\n<\/tbody>\n<\/table>\n<p>&nbsp;<\/p>\n<p>&nbsp;<\/p>\n","protected":false},"featured_media":6947,"template":"","meta":{"_acf_changed":false,"_vp_format_video_url":"","_vp_image_focal_point":[]},"product_cat":[740,751,752],"product_tag":[],"class_list":{"0":"post-6945","1":"product","2":"type-product","3":"status-publish","4":"has-post-thumbnail","6":"product_cat-laboratoire-de-serigraphie-piano","7":"product_cat-strumenti-fr","8":"product_cat-tavolo-tendiseta-fr","10":"first","11":"instock","12":"product-type-simple"},"acf":[],"_links":{"self":[{"href":"https:\/\/www.seedex.it\/fr\/wp-json\/wp\/v2\/product\/6945"}],"collection":[{"href":"https:\/\/www.seedex.it\/fr\/wp-json\/wp\/v2\/product"}],"about":[{"href":"https:\/\/www.seedex.it\/fr\/wp-json\/wp\/v2\/types\/product"}],"wp:featuredmedia":[{"embeddable":true,"href":"https:\/\/www.seedex.it\/fr\/wp-json\/wp\/v2\/media\/6947"}],"wp:attachment":[{"href":"https:\/\/www.seedex.it\/fr\/wp-json\/wp\/v2\/media?parent=6945"}],"wp:term":[{"taxonomy":"product_cat","embeddable":true,"href":"https:\/\/www.seedex.it\/fr\/wp-json\/wp\/v2\/product_cat?post=6945"},{"taxonomy":"product_tag","embeddable":true,"href":"https:\/\/www.seedex.it\/fr\/wp-json\/wp\/v2\/product_tag?post=6945"}],"curies":[{"name":"wp","href":"https:\/\/api.w.org\/{rel}","templated":true}]}}