{"id":6934,"date":"2024-09-13T09:05:49","date_gmt":"2024-09-13T09:05:49","guid":{"rendered":"https:\/\/www.seedex.it\/prodotto\/tendiseta-pneumatico-tpp-2\/"},"modified":"2025-09-04T12:59:06","modified_gmt":"2025-09-04T12:59:06","slug":"tendeuse-pneumatique-tpp","status":"publish","type":"product","link":"https:\/\/www.seedex.it\/fr\/prodotto\/tendeuse-pneumatique-tpp\/","title":{"rendered":"TENDEUSE PNEUMATIQUE TPP"},"content":{"rendered":"","protected":false},"excerpt":{"rendered":"<p><span style=\"font-weight: 400;\">Il s&#8217;agit d&#8217;une table tendeuse de cadres de s\u00e9rigraphie \u00e9quip\u00e9e de <\/span><b>pinces pneumatiques<\/b><span style=\"font-weight: 400;\">, permettant de tendre les tissus sur les cadres avec le degr\u00e9 de tension requis.<\/span><\/p>\n<p><span style=\"font-weight: 400;\">Cet \u00e9quipement peut \u00eatre utilis\u00e9 pour tendre divers types de tissus tels que le <\/span><b>polyester, le nylon et l&#8217;acier<\/b><span style=\"font-weight: 400;\">.<\/span><\/p>\n<p><span style=\"font-weight: 400;\">La particularit\u00e9 de cette tendeuse r\u00e9side dans ses <\/span><b>morses pneumatiques mobiles<\/b><span style=\"font-weight: 400;\"> et positionnables \u00e0 volont\u00e9, ce qui permet de tendre m\u00eame un seul cadre par op\u00e9ration.<\/span><\/p>\n<p><span style=\"font-weight: 400;\">Cette table extensible permet \u00e0 l&#8217;op\u00e9rateur d&#8217;utiliser de petites portions de tissus qui, autrement, ne seraient pas utilisables.<\/span><\/p>\n<table cellspacing=\"\" cellpadding=\"\">\n<thead>\n<tr>\n<td width=\"\">CODE<\/td>\n<td width=\"\">PNEUMATIC STRETCHER<\/td>\n<td width=\"\">TABLE SIZE CM.<\/td>\n<td width=\"\">PRODUCTION CAPACITY<br \/>\nN\u00b0 OF FRAMES OF EXTERNAL SIZE CM&#8230;.<\/td>\n<\/tr>\n<\/thead>\n<colgroup>\n<col width=\"\" \/>\n<col width=\"\" \/>\n<col width=\"\" \/>\n<col width=\"\" \/><\/colgroup>\n<tbody>\n<tr>\n<td valign=\"\" width=\"\">AQSTPP16<\/td>\n<td valign=\"\" width=\"\">MODEL TPP 16<\/td>\n<td valign=\"\" width=\"\">185X185XH90<\/td>\n<td valign=\"\" width=\"\">1-100X100, OR 2-100X50,<br \/>\nOR 4-50X50<\/td>\n<\/tr>\n<tr>\n<td valign=\"\" width=\"\">\n<p align=\"\">AQSTPP18<\/p>\n<\/td>\n<td valign=\"\" width=\"\">\n<p align=\"\">MODEL TPP 18<\/p>\n<\/td>\n<td valign=\"\" width=\"\">\n<p lang=\"\" align=\"\">180X200XH90<\/p>\n<\/td>\n<td valign=\"\" width=\"\">\n<p align=\"\">1-130X105, OR 2-105X65,<\/p>\n<p align=\"\">OR 4-50X50<\/p>\n<\/td>\n<\/tr>\n<tr>\n<td valign=\"\" width=\"\">\n<p align=\"\">AQSTPP20<\/p>\n<\/td>\n<td valign=\"\" width=\"\">\n<p align=\"\">MODEL TPP 20<\/p>\n<\/td>\n<td valign=\"\" width=\"\">\n<p lang=\"\" align=\"\">200X200XH90<\/p>\n<\/td>\n<td valign=\"\" width=\"\">\n<p align=\"\">1-150X105, OR 2-105X75,<\/p>\n<p align=\"\">OR 4-75X50<\/p>\n<\/td>\n<\/tr>\n<tr>\n<td valign=\"\" width=\"\">\n<p align=\"\">AQSTPP22<\/p>\n<\/td>\n<td valign=\"\" width=\"\">\n<p align=\"\">MODEL TPP 22<\/p>\n<\/td>\n<td valign=\"\" width=\"\">\n<p lang=\"\" align=\"\">210X210XH90<\/p>\n<\/td>\n<td valign=\"\" width=\"\">\n<p align=\"\">1-150X130, OR 2-130X75,<\/p>\n<p align=\"\">OR 4-75X75<\/p>\n<\/td>\n<\/tr>\n<tr>\n<td valign=\"\" width=\"\">\n<p align=\"\">AQSTPP24<\/p>\n<\/td>\n<td valign=\"\" width=\"\">\n<p align=\"\">MODEL TPP 24<\/p>\n<\/td>\n<td valign=\"\" width=\"\">\n<p lang=\"\" align=\"\">210X230XH90<\/p>\n<\/td>\n<td valign=\"\" width=\"\">\n<p align=\"\">1-150X150, OR 2-150X75,<\/p>\n<p align=\"\">OR 4-75X75<\/p>\n<\/td>\n<\/tr>\n<\/tbody>\n<\/table>\n<p>&nbsp;<\/p>\n<p>&nbsp;<\/p>\n","protected":false},"featured_media":6936,"template":"","meta":{"_acf_changed":false,"_vp_format_video_url":"","_vp_image_focal_point":[]},"product_cat":[740,751,752],"product_tag":[],"class_list":{"0":"post-6934","1":"product","2":"type-product","3":"status-publish","4":"has-post-thumbnail","6":"product_cat-laboratoire-de-serigraphie-piano","7":"product_cat-strumenti-fr","8":"product_cat-tavolo-tendiseta-fr","10":"first","11":"instock","12":"product-type-simple"},"acf":[],"_links":{"self":[{"href":"https:\/\/www.seedex.it\/fr\/wp-json\/wp\/v2\/product\/6934"}],"collection":[{"href":"https:\/\/www.seedex.it\/fr\/wp-json\/wp\/v2\/product"}],"about":[{"href":"https:\/\/www.seedex.it\/fr\/wp-json\/wp\/v2\/types\/product"}],"wp:featuredmedia":[{"embeddable":true,"href":"https:\/\/www.seedex.it\/fr\/wp-json\/wp\/v2\/media\/6936"}],"wp:attachment":[{"href":"https:\/\/www.seedex.it\/fr\/wp-json\/wp\/v2\/media?parent=6934"}],"wp:term":[{"taxonomy":"product_cat","embeddable":true,"href":"https:\/\/www.seedex.it\/fr\/wp-json\/wp\/v2\/product_cat?post=6934"},{"taxonomy":"product_tag","embeddable":true,"href":"https:\/\/www.seedex.it\/fr\/wp-json\/wp\/v2\/product_tag?post=6934"}],"curies":[{"name":"wp","href":"https:\/\/api.w.org\/{rel}","templated":true}]}}