{"id":6925,"date":"2024-09-13T09:05:32","date_gmt":"2024-09-13T09:05:32","guid":{"rendered":"https:\/\/www.seedex.it\/prodotto\/armadio-portarotoli-p-17\/"},"modified":"2025-09-04T12:54:55","modified_gmt":"2025-09-04T12:54:55","slug":"armoire-porte-rouleaux-p-17","status":"publish","type":"product","link":"https:\/\/www.seedex.it\/fr\/prodotto\/armoire-porte-rouleaux-p-17\/","title":{"rendered":"ARMOIRE PORTE-ROULEAUX P-17"},"content":{"rendered":"","protected":false},"excerpt":{"rendered":"<p><span style=\"font-weight: 400;\">Cette armoire pratique, dot\u00e9e d&#8217;une <\/span><b>structure m\u00e9tallique<\/b><span style=\"font-weight: 400;\">, est con\u00e7ue pour stocker de mani\u00e8re rationnelle et ordonn\u00e9e les tissus de s\u00e9rigraphie utilis\u00e9s en laboratoire.<\/span><\/p>\n<p><b>DONN\u00c9ES TECHNIQUES<\/b><\/p>\n<ul>\n<li style=\"font-weight: 400;\" aria-level=\"1\"><span style=\"font-weight: 400;\">Structure solide en <\/span><b>acier peint<\/b><span style=\"font-weight: 400;\">.<\/span><\/li>\n<li style=\"font-weight: 400;\" aria-level=\"1\"><span style=\"font-weight: 400;\">Contient <\/span><b>17 rouleaux<\/b><span style=\"font-weight: 400;\">.<\/span><\/li>\n<li style=\"font-weight: 400;\" aria-level=\"1\"><span style=\"font-weight: 400;\">Fournie avec <\/span><b>17 barres cylindriques en acier galvanis\u00e9<\/b><span style=\"font-weight: 400;\"> pour la suspension des rouleaux de tissu.<\/span><\/li>\n<\/ul>\n<p><b>OPTION<\/b><\/p>\n<ul>\n<li style=\"font-weight: 400;\" aria-level=\"1\"><span style=\"font-weight: 400;\">Fermeture manuelle par rideau.<\/span><\/li>\n<\/ul>\n<p><b>DIMENSIONS<\/b><\/p>\n<ul>\n<li style=\"font-weight: 400;\" aria-level=\"1\"><b>Version 160 cm :<\/b><span style=\"font-weight: 400;\"> 178\u00a0x\u00a050\u00a0x\u00a0207h\u00a0cm<\/span><\/li>\n<li style=\"font-weight: 400;\" aria-level=\"1\"><b>Version 200 cm :<\/b><span style=\"font-weight: 400;\"> 235\u00a0x\u00a050\u00a0x\u00a0207h\u00a0cm<\/span><\/li>\n<li style=\"font-weight: 400;\" aria-level=\"1\"><span style=\"font-weight: 400;\">Autres dimensions disponibles sur demande.<\/span><\/li>\n<\/ul>\n","protected":false},"featured_media":6927,"template":"","meta":{"_acf_changed":false,"_vp_format_video_url":"","_vp_image_focal_point":[]},"product_cat":[740],"product_tag":[],"class_list":{"0":"post-6925","1":"product","2":"type-product","3":"status-publish","4":"has-post-thumbnail","6":"product_cat-laboratoire-de-serigraphie-piano","8":"first","9":"instock","10":"product-type-simple"},"acf":[],"_links":{"self":[{"href":"https:\/\/www.seedex.it\/fr\/wp-json\/wp\/v2\/product\/6925"}],"collection":[{"href":"https:\/\/www.seedex.it\/fr\/wp-json\/wp\/v2\/product"}],"about":[{"href":"https:\/\/www.seedex.it\/fr\/wp-json\/wp\/v2\/types\/product"}],"wp:featuredmedia":[{"embeddable":true,"href":"https:\/\/www.seedex.it\/fr\/wp-json\/wp\/v2\/media\/6927"}],"wp:attachment":[{"href":"https:\/\/www.seedex.it\/fr\/wp-json\/wp\/v2\/media?parent=6925"}],"wp:term":[{"taxonomy":"product_cat","embeddable":true,"href":"https:\/\/www.seedex.it\/fr\/wp-json\/wp\/v2\/product_cat?post=6925"},{"taxonomy":"product_tag","embeddable":true,"href":"https:\/\/www.seedex.it\/fr\/wp-json\/wp\/v2\/product_tag?post=6925"}],"curies":[{"name":"wp","href":"https:\/\/api.w.org\/{rel}","templated":true}]}}