{"id":6720,"date":"2024-09-13T09:04:14","date_gmt":"2024-09-13T09:04:14","guid":{"rendered":"https:\/\/www.seedex.it\/prodotto\/viscosimetri-a-gravita-coppa-ford\/"},"modified":"2025-09-04T10:03:10","modified_gmt":"2025-09-04T10:03:10","slug":"viscosimetres-a-gravite-coupe-ford","status":"publish","type":"product","link":"https:\/\/www.seedex.it\/fr\/prodotto\/viscosimetres-a-gravite-coupe-ford\/","title":{"rendered":"VISCOSIM\u00c8TRES \u00c0 GRAVIT\u00c9 \u2013 COUPE FORD"},"content":{"rendered":"","protected":false},"excerpt":{"rendered":"<p><span style=\"font-weight: 400;\">Ces viscosim\u00e8tres sont utilisables dans divers secteurs industriels et dans les laboratoires de recherche et de contr\u00f4le. Ils sont id\u00e9aux dans l&#8217;industrie c\u00e9ramique pour la d\u00e9tection de la viscosit\u00e9 des \u00e9maux et des barbotines.<\/span><\/p>\n<p><span style=\"font-weight: 400;\">Des coupes et des buses individuelles sont \u00e9galement disponibles.<\/span><\/p>\n","protected":false},"featured_media":6722,"template":"","meta":{"_acf_changed":false,"_vp_format_video_url":"","_vp_image_focal_point":[]},"product_cat":[479,558,721],"product_tag":[],"class_list":{"0":"post-6720","1":"product","2":"type-product","3":"status-publish","4":"has-post-thumbnail","6":"product_cat-industrie-sanitaire","7":"product_cat-laboratorio-ceramico-e-di-controllo-fr","8":"product_cat-viscosimetre-coupe-ford","10":"first","11":"instock","12":"product-type-simple"},"acf":[],"_links":{"self":[{"href":"https:\/\/www.seedex.it\/fr\/wp-json\/wp\/v2\/product\/6720"}],"collection":[{"href":"https:\/\/www.seedex.it\/fr\/wp-json\/wp\/v2\/product"}],"about":[{"href":"https:\/\/www.seedex.it\/fr\/wp-json\/wp\/v2\/types\/product"}],"wp:featuredmedia":[{"embeddable":true,"href":"https:\/\/www.seedex.it\/fr\/wp-json\/wp\/v2\/media\/6722"}],"wp:attachment":[{"href":"https:\/\/www.seedex.it\/fr\/wp-json\/wp\/v2\/media?parent=6720"}],"wp:term":[{"taxonomy":"product_cat","embeddable":true,"href":"https:\/\/www.seedex.it\/fr\/wp-json\/wp\/v2\/product_cat?post=6720"},{"taxonomy":"product_tag","embeddable":true,"href":"https:\/\/www.seedex.it\/fr\/wp-json\/wp\/v2\/product_tag?post=6720"}],"curies":[{"name":"wp","href":"https:\/\/api.w.org\/{rel}","templated":true}]}}