{"id":6634,"date":"2024-09-13T09:04:14","date_gmt":"2024-09-13T09:04:14","guid":{"rendered":"https:\/\/www.seedex.it\/prodotto\/vasche-serie-vtd-per-prove-di-assorbimento-acqua\/"},"modified":"2025-09-04T08:56:25","modified_gmt":"2025-09-04T08:56:25","slug":"bacs-serie-vtd-pour-tests-dabsorption-deau","status":"publish","type":"product","link":"https:\/\/www.seedex.it\/fr\/prodotto\/bacs-serie-vtd-pour-tests-dabsorption-deau\/","title":{"rendered":"BACS S\u00c9RIE VTD POUR TESTS D&#8217;ABSORPTION D&#8217;EAU"},"content":{"rendered":"","protected":false},"excerpt":{"rendered":"<p><span style=\"font-weight: 400;\">Ces bacs sont adapt\u00e9s \u00e0 la r\u00e9alisation de <\/span><b>tests d&#8217;absorption d&#8217;eau sur les carreaux c\u00e9ramiques<\/b><span style=\"font-weight: 400;\"> par la m\u00e9thode d&#8217;\u00e9bullition, conform\u00e9ment \u00e0 la norme <\/span><b>UNI EN ISO 10545-3<\/b><span style=\"font-weight: 400;\">.<\/span><\/p>\n<p><b>Mod\u00e8le VTD\/60<\/b><\/p>\n<p><span style=\"font-weight: 400;\">Cet instrument est normalis\u00e9 pour les formats de carreaux allant jusqu&#8217;\u00e0 60\u00a0x\u00a060\u00a0cm.<\/span><\/p>\n<p><b>Mod\u00e8le VTD\/120<\/b><\/p>\n<p><span style=\"font-weight: 400;\">Ce mod\u00e8le pr\u00e9sente les m\u00eames caract\u00e9ristiques que le VTD\/60, mais il est adapt\u00e9 pour effectuer des tests sur des formats de carreaux allant jusqu&#8217;\u00e0 60\u00a0x\u00a0120\u00a0cm.<\/span><\/p>\n<p>&nbsp;<\/p>\n<p>&nbsp;<\/p>\n","protected":false},"featured_media":6635,"template":"","meta":{"_acf_changed":false,"_vp_format_video_url":"","_vp_image_focal_point":[]},"product_cat":[705,558],"product_tag":[],"class_list":{"0":"post-6634","1":"product","2":"type-product","3":"status-publish","4":"has-post-thumbnail","6":"product_cat-baigneuse-a-absorption-deau-debullition-vtd","7":"product_cat-laboratorio-ceramico-e-di-controllo-fr","9":"first","10":"instock","11":"product-type-simple"},"acf":[],"_links":{"self":[{"href":"https:\/\/www.seedex.it\/fr\/wp-json\/wp\/v2\/product\/6634"}],"collection":[{"href":"https:\/\/www.seedex.it\/fr\/wp-json\/wp\/v2\/product"}],"about":[{"href":"https:\/\/www.seedex.it\/fr\/wp-json\/wp\/v2\/types\/product"}],"wp:featuredmedia":[{"embeddable":true,"href":"https:\/\/www.seedex.it\/fr\/wp-json\/wp\/v2\/media\/6635"}],"wp:attachment":[{"href":"https:\/\/www.seedex.it\/fr\/wp-json\/wp\/v2\/media?parent=6634"}],"wp:term":[{"taxonomy":"product_cat","embeddable":true,"href":"https:\/\/www.seedex.it\/fr\/wp-json\/wp\/v2\/product_cat?post=6634"},{"taxonomy":"product_tag","embeddable":true,"href":"https:\/\/www.seedex.it\/fr\/wp-json\/wp\/v2\/product_tag?post=6634"}],"curies":[{"name":"wp","href":"https:\/\/api.w.org\/{rel}","templated":true}]}}