{"id":6627,"date":"2024-09-13T09:04:14","date_gmt":"2024-09-13T09:04:14","guid":{"rendered":"https:\/\/www.seedex.it\/prodotto\/misuratore-di-temperatura-digitale-portatile\/"},"modified":"2025-09-04T08:52:44","modified_gmt":"2025-09-04T08:52:44","slug":"thermometre-numerique-portable","status":"publish","type":"product","link":"https:\/\/www.seedex.it\/fr\/prodotto\/thermometre-numerique-portable\/","title":{"rendered":"THERMOM\u00c8TRE NUM\u00c9RIQUE PORTABLE"},"content":{"rendered":"","protected":false},"excerpt":{"rendered":"<p><span style=\"font-weight: 400;\">Ce thermom\u00e8tre num\u00e9rique est \u00e9quip\u00e9 d&#8217;un <\/span><b>\u00e9cran LCD<\/b><span style=\"font-weight: 400;\"> aliment\u00e9 par une <\/span><b>pile de 9V<\/b><span style=\"font-weight: 400;\">. N&#8217;importe quel type de <\/span><b>thermocouple de type K<\/b><span style=\"font-weight: 400;\"> peut \u00eatre utilis\u00e9 comme transducteur de temp\u00e9rature pour mesurer les degr\u00e9s Celsius et Fahrenheit.<\/span><\/p>\n<p><span style=\"font-weight: 400;\">Plusieurs versions sont disponibles, variant selon la <\/span><b>temp\u00e9rature maximale mesur\u00e9e<\/b><span style=\"font-weight: 400;\">.<\/span><\/p>\n<p><b>En option :<\/b><span style=\"font-weight: 400;\"> Thermocouples portables en <\/span><b>acier inoxydable AISI 304<\/b><span style=\"font-weight: 400;\">, \u00f8 6\u00a0mm, de type K.<\/span><\/p>\n<p>&nbsp;<\/p>\n<p>&nbsp;<\/p>\n","protected":false},"featured_media":6628,"template":"","meta":{"_acf_changed":false,"_vp_format_video_url":"","_vp_image_focal_point":[]},"product_cat":[558,703],"product_tag":[],"class_list":{"0":"post-6627","1":"product","2":"type-product","3":"status-publish","4":"has-post-thumbnail","6":"product_cat-laboratorio-ceramico-e-di-controllo-fr","7":"product_cat-thermometre-portable-avec-thermocouples-6802","9":"first","10":"instock","11":"product-type-simple"},"acf":[],"_links":{"self":[{"href":"https:\/\/www.seedex.it\/fr\/wp-json\/wp\/v2\/product\/6627"}],"collection":[{"href":"https:\/\/www.seedex.it\/fr\/wp-json\/wp\/v2\/product"}],"about":[{"href":"https:\/\/www.seedex.it\/fr\/wp-json\/wp\/v2\/types\/product"}],"wp:featuredmedia":[{"embeddable":true,"href":"https:\/\/www.seedex.it\/fr\/wp-json\/wp\/v2\/media\/6628"}],"wp:attachment":[{"href":"https:\/\/www.seedex.it\/fr\/wp-json\/wp\/v2\/media?parent=6627"}],"wp:term":[{"taxonomy":"product_cat","embeddable":true,"href":"https:\/\/www.seedex.it\/fr\/wp-json\/wp\/v2\/product_cat?post=6627"},{"taxonomy":"product_tag","embeddable":true,"href":"https:\/\/www.seedex.it\/fr\/wp-json\/wp\/v2\/product_tag?post=6627"}],"curies":[{"name":"wp","href":"https:\/\/api.w.org\/{rel}","templated":true}]}}