{"id":6607,"date":"2024-09-13T09:04:14","date_gmt":"2024-09-13T09:04:14","guid":{"rendered":"https:\/\/www.seedex.it\/prodotto\/termobilancia-determinatore-di-umidita\/"},"modified":"2025-09-04T08:42:54","modified_gmt":"2025-09-04T08:42:54","slug":"thermobalance-determinateur-dhumidite","status":"publish","type":"product","link":"https:\/\/www.seedex.it\/fr\/prodotto\/thermobalance-determinateur-dhumidite\/","title":{"rendered":"THERMOBALANCE (D\u00e9terminateur d&#8217;humidit\u00e9)"},"content":{"rendered":"","protected":false},"excerpt":{"rendered":"<p><span style=\"font-weight: 400;\">Ce d\u00e9terminateur d&#8217;humidit\u00e9 est \u00e9quip\u00e9 de :<\/span><\/p>\n<ul>\n<li style=\"font-weight: 400;\" aria-level=\"1\"><span style=\"font-weight: 400;\">Un <\/span><b>syst\u00e8me de pes\u00e9e \u00e0 compensation \u00e9lectromagn\u00e9tique<\/b><span style=\"font-weight: 400;\"> pour les mod\u00e8les -A64M et -163M.<\/span><\/li>\n<li style=\"font-weight: 400;\" aria-level=\"1\"><span style=\"font-weight: 400;\">Un <\/span><b>syst\u00e8me de pes\u00e9e \u00e0 cellule de charge haute r\u00e9solution<\/b><span style=\"font-weight: 400;\"> pour les mod\u00e8les -163L et -62L.<\/span><\/li>\n<li style=\"font-weight: 400;\" aria-level=\"1\"><span style=\"font-weight: 400;\">Une <\/span><b>lampe halog\u00e8ne<\/b><span style=\"font-weight: 400;\">.<\/span><\/li>\n<li style=\"font-weight: 400;\" aria-level=\"1\"><span style=\"font-weight: 400;\">Une <\/span><b>plage de temp\u00e9rature de 35 \u00e0 160\u00b0C<\/b><span style=\"font-weight: 400;\">, r\u00e9glable par pas de 1\u00b0C.<\/span><\/li>\n<li style=\"font-weight: 400;\" aria-level=\"1\"><span style=\"font-weight: 400;\">Une <\/span><b>sortie s\u00e9rie RS232<\/b><span style=\"font-weight: 400;\">.<\/span><\/li>\n<\/ul>\n<p><span style=\"font-weight: 400;\">Plusieurs versions sont disponibles, offrant diff\u00e9rentes pr\u00e9cisions et port\u00e9es.<\/span><\/p>\n","protected":false},"featured_media":6609,"template":"","meta":{"_acf_changed":false,"_vp_format_video_url":"","_vp_image_focal_point":[]},"product_cat":[479,558,699],"product_tag":[],"class_list":{"0":"post-6607","1":"product","2":"type-product","3":"status-publish","4":"has-post-thumbnail","6":"product_cat-industrie-sanitaire","7":"product_cat-laboratorio-ceramico-e-di-controllo-fr","8":"product_cat-thermobalance","10":"first","11":"instock","12":"product-type-simple"},"acf":[],"_links":{"self":[{"href":"https:\/\/www.seedex.it\/fr\/wp-json\/wp\/v2\/product\/6607"}],"collection":[{"href":"https:\/\/www.seedex.it\/fr\/wp-json\/wp\/v2\/product"}],"about":[{"href":"https:\/\/www.seedex.it\/fr\/wp-json\/wp\/v2\/types\/product"}],"wp:featuredmedia":[{"embeddable":true,"href":"https:\/\/www.seedex.it\/fr\/wp-json\/wp\/v2\/media\/6609"}],"wp:attachment":[{"href":"https:\/\/www.seedex.it\/fr\/wp-json\/wp\/v2\/media?parent=6607"}],"wp:term":[{"taxonomy":"product_cat","embeddable":true,"href":"https:\/\/www.seedex.it\/fr\/wp-json\/wp\/v2\/product_cat?post=6607"},{"taxonomy":"product_tag","embeddable":true,"href":"https:\/\/www.seedex.it\/fr\/wp-json\/wp\/v2\/product_tag?post=6607"}],"curies":[{"name":"wp","href":"https:\/\/api.w.org\/{rel}","templated":true}]}}