{"id":6579,"date":"2024-09-13T09:04:28","date_gmt":"2024-09-13T09:04:28","guid":{"rendered":"https:\/\/www.seedex.it\/prodotto\/stufe-a-ventilazione-forzata-serie-flo\/"},"modified":"2025-09-04T08:30:41","modified_gmt":"2025-09-04T08:30:41","slug":"etuve-a-ventilation-forcee-serie-flo","status":"publish","type":"product","link":"https:\/\/www.seedex.it\/fr\/prodotto\/etuve-a-ventilation-forcee-serie-flo\/","title":{"rendered":"\u00c9TUVE \u00c0 VENTILATION FORC\u00c9E S\u00c9RIE FLO"},"content":{"rendered":"","protected":false},"excerpt":{"rendered":"<p><span style=\"font-weight: 400;\">Ce sont des <\/span><b>\u00e9tuves sur pied, de grande capacit\u00e9<\/b><span style=\"font-weight: 400;\">, \u00e0 <\/span><b>circulation d&#8217;air forc\u00e9e<\/b><span style=\"font-weight: 400;\">. Elles peuvent atteindre une <\/span><b>temp\u00e9rature maximale de 300\u00a0\u00b0C<\/b><span style=\"font-weight: 400;\">.<\/span><\/p>\n<p><span style=\"font-weight: 400;\">Diverses versions sont disponibles, diff\u00e9rentes par leurs dimensions internes et leur capacit\u00e9.<\/span><\/p>\n","protected":false},"featured_media":6580,"template":"","meta":{"_acf_changed":false,"_vp_format_video_url":"","_vp_image_focal_point":[]},"product_cat":[558,693],"product_tag":[],"class_list":{"0":"post-6579","1":"product","2":"type-product","3":"status-publish","4":"has-post-thumbnail","6":"product_cat-laboratorio-ceramico-e-di-controllo-fr","7":"product_cat-poeles-thermostatiques-opv","9":"first","10":"instock","11":"product-type-simple"},"acf":[],"_links":{"self":[{"href":"https:\/\/www.seedex.it\/fr\/wp-json\/wp\/v2\/product\/6579"}],"collection":[{"href":"https:\/\/www.seedex.it\/fr\/wp-json\/wp\/v2\/product"}],"about":[{"href":"https:\/\/www.seedex.it\/fr\/wp-json\/wp\/v2\/types\/product"}],"wp:featuredmedia":[{"embeddable":true,"href":"https:\/\/www.seedex.it\/fr\/wp-json\/wp\/v2\/media\/6580"}],"wp:attachment":[{"href":"https:\/\/www.seedex.it\/fr\/wp-json\/wp\/v2\/media?parent=6579"}],"wp:term":[{"taxonomy":"product_cat","embeddable":true,"href":"https:\/\/www.seedex.it\/fr\/wp-json\/wp\/v2\/product_cat?post=6579"},{"taxonomy":"product_tag","embeddable":true,"href":"https:\/\/www.seedex.it\/fr\/wp-json\/wp\/v2\/product_tag?post=6579"}],"curies":[{"name":"wp","href":"https:\/\/api.w.org\/{rel}","templated":true}]}}