{"id":6537,"date":"2024-09-13T09:04:28","date_gmt":"2024-09-13T09:04:28","guid":{"rendered":"https:\/\/www.seedex.it\/prodotto\/micrometri-a-quadrante-spessimetri\/"},"modified":"2025-09-04T08:12:50","modified_gmt":"2025-09-04T08:12:50","slug":"micrometres-a-cadran-epaisseurs","status":"publish","type":"product","link":"https:\/\/www.seedex.it\/fr\/prodotto\/micrometres-a-cadran-epaisseurs\/","title":{"rendered":"MICROM\u00c8TRES \u00c0 CADRAN ; \u00c9PAISSEURS"},"content":{"rendered":"","protected":false},"excerpt":{"rendered":"<p><span style=\"font-weight: 400;\">Ces instruments sont adapt\u00e9s \u00e0 la <\/span><b>d\u00e9termination rapide de diverses \u00e9paisseurs<\/b><span style=\"font-weight: 400;\">. Ils sont particuli\u00e8rement indiqu\u00e9s dans l&#8217;industrie c\u00e9ramique, notamment pour les fabricants de carreaux de sol et de rev\u00eatement, pour la d\u00e9termination rapide de l&#8217;\u00e9paisseur du mat\u00e9riau tout juste press\u00e9.<\/span><\/p>\n<p><span style=\"font-weight: 400;\">Plusieurs mod\u00e8les sont disponibles, variant selon la <\/span><b>longueur de l&#8217;arc de mesure<\/b><span style=\"font-weight: 400;\">.<\/span><\/p>\n<p>&nbsp;<\/p>\n<p>&nbsp;<\/p>\n","protected":false},"featured_media":6539,"template":"","meta":{"_acf_changed":false,"_vp_format_video_url":"","_vp_image_focal_point":[]},"product_cat":[479,687,558],"product_tag":[],"class_list":{"0":"post-6537","1":"product","2":"type-product","3":"status-publish","4":"has-post-thumbnail","6":"product_cat-industrie-sanitaire","7":"product_cat-jauge-depaisseur","8":"product_cat-laboratorio-ceramico-e-di-controllo-fr","10":"first","11":"instock","12":"product-type-simple"},"acf":[],"_links":{"self":[{"href":"https:\/\/www.seedex.it\/fr\/wp-json\/wp\/v2\/product\/6537"}],"collection":[{"href":"https:\/\/www.seedex.it\/fr\/wp-json\/wp\/v2\/product"}],"about":[{"href":"https:\/\/www.seedex.it\/fr\/wp-json\/wp\/v2\/types\/product"}],"wp:featuredmedia":[{"embeddable":true,"href":"https:\/\/www.seedex.it\/fr\/wp-json\/wp\/v2\/media\/6539"}],"wp:attachment":[{"href":"https:\/\/www.seedex.it\/fr\/wp-json\/wp\/v2\/media?parent=6537"}],"wp:term":[{"taxonomy":"product_cat","embeddable":true,"href":"https:\/\/www.seedex.it\/fr\/wp-json\/wp\/v2\/product_cat?post=6537"},{"taxonomy":"product_tag","embeddable":true,"href":"https:\/\/www.seedex.it\/fr\/wp-json\/wp\/v2\/product_tag?post=6537"}],"curies":[{"name":"wp","href":"https:\/\/api.w.org\/{rel}","templated":true}]}}