{"id":6519,"date":"2025-02-20T11:18:14","date_gmt":"2025-02-20T11:18:14","guid":{"rendered":"https:\/\/www.seedex.it\/prodotto\/setacciatore-a-getto-daria-da-laboratorio\/"},"modified":"2025-09-04T08:02:12","modified_gmt":"2025-09-04T08:02:12","slug":"tamiseuse-de-laboratoire-a-jet-dair","status":"publish","type":"product","link":"https:\/\/www.seedex.it\/fr\/prodotto\/tamiseuse-de-laboratoire-a-jet-dair\/","title":{"rendered":"TAMISEUSE DE LABORATOIRE \u00c0 JET D&#8217;AIR"},"content":{"rendered":"","protected":false},"excerpt":{"rendered":"<p><span style=\"font-weight: 400;\">Le principe de fonctionnement de cette tamiseuse repose sur un <\/span><b>flux d&#8217;air<\/b><span style=\"font-weight: 400;\"> qui maintient simultan\u00e9ment le mat\u00e9riau en agitation et les mailles du tamis constamment libres, le tout <\/span><b>sans aucune action m\u00e9canique<\/b><span style=\"font-weight: 400;\">. Le flux est cr\u00e9\u00e9 par un <\/span><b>\u00e9lectro-aspirateur<\/b><span style=\"font-weight: 400;\"> d\u00e9di\u00e9. Une barre rotative plac\u00e9e sous le tamis permet au flux d&#8217;agir sur le mat\u00e9riau d&#8217;essai. Le flux scelle automatiquement le tamis et le couvercle, tous deux \u00e9quip\u00e9s de joints en caoutchouc appropri\u00e9s. Le mat\u00e9riau passant \u00e0 travers le tamis d&#8217;essai est aspir\u00e9 et achemin\u00e9 vers le filtre de l&#8217;\u00e9lectro-aspirateur.<\/span><\/p>\n","protected":false},"featured_media":6520,"template":"","meta":{"_acf_changed":false,"_vp_format_video_url":"","_vp_image_focal_point":[]},"product_cat":[558,685],"product_tag":[],"class_list":{"0":"post-6519","1":"product","2":"type-product","3":"status-publish","4":"has-post-thumbnail","6":"product_cat-laboratorio-ceramico-e-di-controllo-fr","7":"product_cat-tamiseur-shaker7","9":"first","10":"instock","11":"product-type-simple"},"acf":[],"_links":{"self":[{"href":"https:\/\/www.seedex.it\/fr\/wp-json\/wp\/v2\/product\/6519"}],"collection":[{"href":"https:\/\/www.seedex.it\/fr\/wp-json\/wp\/v2\/product"}],"about":[{"href":"https:\/\/www.seedex.it\/fr\/wp-json\/wp\/v2\/types\/product"}],"wp:featuredmedia":[{"embeddable":true,"href":"https:\/\/www.seedex.it\/fr\/wp-json\/wp\/v2\/media\/6520"}],"wp:attachment":[{"href":"https:\/\/www.seedex.it\/fr\/wp-json\/wp\/v2\/media?parent=6519"}],"wp:term":[{"taxonomy":"product_cat","embeddable":true,"href":"https:\/\/www.seedex.it\/fr\/wp-json\/wp\/v2\/product_cat?post=6519"},{"taxonomy":"product_tag","embeddable":true,"href":"https:\/\/www.seedex.it\/fr\/wp-json\/wp\/v2\/product_tag?post=6519"}],"curies":[{"name":"wp","href":"https:\/\/api.w.org\/{rel}","templated":true}]}}