{"id":6511,"date":"2024-09-13T09:04:28","date_gmt":"2024-09-13T09:04:28","guid":{"rendered":"https:\/\/www.seedex.it\/prodotto\/setacciatore-elettromeccanico-modello-se-7d-normalizzato\/"},"modified":"2025-09-04T07:57:00","modified_gmt":"2025-09-04T07:57:00","slug":"tamiseuse-electromecanique-modele-se-7d-normalisee","status":"publish","type":"product","link":"https:\/\/www.seedex.it\/fr\/prodotto\/tamiseuse-electromecanique-modele-se-7d-normalisee\/","title":{"rendered":"TAMISEUSE \u00c9LECTROM\u00c9CANIQUE MOD\u00c8LE SE\/7D, NORMALIS\u00c9E"},"content":{"rendered":"","protected":false},"excerpt":{"rendered":"<p><span style=\"font-weight: 400;\">Cet instrument est adapt\u00e9 \u00e0 l&#8217;ex\u00e9cution d&#8217;<\/span><b>essais de tamisage par m\u00e9thode s\u00e8che et humide<\/b><span style=\"font-weight: 400;\">.<\/span><\/p>\n<p><span style=\"font-weight: 400;\">Il dispose d&#8217;un <\/span><b>mouvement tridimensionnel<\/b><span style=\"font-weight: 400;\"> et est calibr\u00e9 \u00e0 <\/span><b>3000 coups\/minute<\/b><span style=\"font-weight: 400;\">.<\/span><\/p>\n<p><span style=\"font-weight: 400;\">Il est con\u00e7u pour accueillir <\/span><b>7 tamis<\/b><span style=\"font-weight: 400;\"> d&#8217;un diam\u00e8tre de 200\u00a0mm et d&#8217;une hauteur de 50\u00a0mm, plus le fond et le couvercle.<\/span><\/p>\n<p>&nbsp;<\/p>\n","protected":false},"featured_media":6512,"template":"","meta":{"_acf_changed":false,"_vp_format_video_url":"","_vp_image_focal_point":[]},"product_cat":[558,683],"product_tag":[],"class_list":{"0":"post-6511","1":"product","2":"type-product","3":"status-publish","4":"has-post-thumbnail","6":"product_cat-laboratorio-ceramico-e-di-controllo-fr","7":"product_cat-tamis-tridimensionnel","9":"first","10":"instock","11":"product-type-simple"},"acf":[],"_links":{"self":[{"href":"https:\/\/www.seedex.it\/fr\/wp-json\/wp\/v2\/product\/6511"}],"collection":[{"href":"https:\/\/www.seedex.it\/fr\/wp-json\/wp\/v2\/product"}],"about":[{"href":"https:\/\/www.seedex.it\/fr\/wp-json\/wp\/v2\/types\/product"}],"wp:featuredmedia":[{"embeddable":true,"href":"https:\/\/www.seedex.it\/fr\/wp-json\/wp\/v2\/media\/6512"}],"wp:attachment":[{"href":"https:\/\/www.seedex.it\/fr\/wp-json\/wp\/v2\/media?parent=6511"}],"wp:term":[{"taxonomy":"product_cat","embeddable":true,"href":"https:\/\/www.seedex.it\/fr\/wp-json\/wp\/v2\/product_cat?post=6511"},{"taxonomy":"product_tag","embeddable":true,"href":"https:\/\/www.seedex.it\/fr\/wp-json\/wp\/v2\/product_tag?post=6511"}],"curies":[{"name":"wp","href":"https:\/\/api.w.org\/{rel}","templated":true}]}}