{"id":6503,"date":"2024-09-13T09:04:28","date_gmt":"2024-09-13T09:04:28","guid":{"rendered":"https:\/\/www.seedex.it\/prodotto\/setacciatore-elettromeccanico-modello-v-s\/"},"modified":"2025-09-04T07:53:40","modified_gmt":"2025-09-04T07:53:40","slug":"tamiseuse-electromecanique-modele-v-s","status":"publish","type":"product","link":"https:\/\/www.seedex.it\/fr\/prodotto\/tamiseuse-electromecanique-modele-v-s\/","title":{"rendered":"TAMISEUSE \u00c9LECTROM\u00c9CANIQUE MOD\u00c8LE V\/S"},"content":{"rendered":"","protected":false},"excerpt":{"rendered":"<p><span style=\"font-weight: 400;\">Il s&#8217;agit d&#8217;une <\/span><b>tamiseuse vibrante de laboratoire<\/b><span style=\"font-weight: 400;\"> \u00e0 <\/span><b>mouvement bidimensionnel<\/b><span style=\"font-weight: 400;\">.<\/span><\/p>\n<p><span style=\"font-weight: 400;\">Elle est dimensionn\u00e9e pour accueillir <\/span><b>7 tamis<\/b><span style=\"font-weight: 400;\"> d&#8217;un diam\u00e8tre maximum de 200\u00a0mm, plus le fond et le couvercle.<\/span><\/p>\n<p>&nbsp;<\/p>\n<p>&nbsp;<\/p>\n","protected":false},"featured_media":6505,"template":"","meta":{"_acf_changed":false,"_vp_format_video_url":"","_vp_image_focal_point":[]},"product_cat":[479,558,681],"product_tag":[],"class_list":{"0":"post-6503","1":"product","2":"type-product","3":"status-publish","4":"has-post-thumbnail","6":"product_cat-industrie-sanitaire","7":"product_cat-laboratorio-ceramico-e-di-controllo-fr","8":"product_cat-tamiseur-bidimensionnel","10":"first","11":"instock","12":"product-type-simple"},"acf":[],"_links":{"self":[{"href":"https:\/\/www.seedex.it\/fr\/wp-json\/wp\/v2\/product\/6503"}],"collection":[{"href":"https:\/\/www.seedex.it\/fr\/wp-json\/wp\/v2\/product"}],"about":[{"href":"https:\/\/www.seedex.it\/fr\/wp-json\/wp\/v2\/types\/product"}],"wp:featuredmedia":[{"embeddable":true,"href":"https:\/\/www.seedex.it\/fr\/wp-json\/wp\/v2\/media\/6505"}],"wp:attachment":[{"href":"https:\/\/www.seedex.it\/fr\/wp-json\/wp\/v2\/media?parent=6503"}],"wp:term":[{"taxonomy":"product_cat","embeddable":true,"href":"https:\/\/www.seedex.it\/fr\/wp-json\/wp\/v2\/product_cat?post=6503"},{"taxonomy":"product_tag","embeddable":true,"href":"https:\/\/www.seedex.it\/fr\/wp-json\/wp\/v2\/product_tag?post=6503"}],"curies":[{"name":"wp","href":"https:\/\/api.w.org\/{rel}","templated":true}]}}