{"id":6470,"date":"2024-09-13T09:04:28","date_gmt":"2024-09-13T09:04:28","guid":{"rendered":"https:\/\/www.seedex.it\/prodotto\/scivolosimetro-dinamico-mod-tortus-3\/"},"modified":"2025-09-04T07:39:13","modified_gmt":"2025-09-04T07:39:13","slug":"glissometre-dynamique-mod-tortus-3","status":"publish","type":"product","link":"https:\/\/www.seedex.it\/fr\/prodotto\/glissometre-dynamique-mod-tortus-3\/","title":{"rendered":"GLISSOM\u00c8TRE DYNAMIQUE MOD. TORTUS 3"},"content":{"rendered":"","protected":false},"excerpt":{"rendered":"<p><span style=\"font-weight: 400;\">Le nouveau mesureur de coefficient de frottement Tortus 3 est la derni\u00e8re version de l&#8217;instrument original BCRA.<\/span><\/p>\n<p><span style=\"font-weight: 400;\">Le <\/span><b>Tortus 3<\/b><span style=\"font-weight: 400;\"> est un instrument de pr\u00e9cision automoteur contr\u00f4l\u00e9 par microprocesseur qui mesure directement le <\/span><b>coefficient de frottement dynamique<\/b><span style=\"font-weight: 400;\">, en glissant sur des surfaces ou des rev\u00eatements de sol utilis\u00e9s par les pi\u00e9tons.<\/span><\/p>\n<p><span style=\"font-weight: 400;\">Il fournit une <\/span><b>lecture instantan\u00e9e du coefficient de frottement<\/b><span style=\"font-weight: 400;\"> sur un affichage num\u00e9rique lors de son d\u00e9placement sur la surface et affiche la <\/span><b>valeur moyenne \u03bc<\/b><span style=\"font-weight: 400;\"> \u00e0 la fin du test.<\/span><\/p>\n<p>&nbsp;<\/p>\n<p>&nbsp;<\/p>\n","protected":false},"featured_media":6472,"template":"","meta":{"_acf_changed":false,"_vp_format_video_url":"","_vp_image_focal_point":[]},"product_cat":[677,558],"product_tag":[],"class_list":{"0":"post-6470","1":"product","2":"type-product","3":"status-publish","4":"has-post-thumbnail","6":"product_cat-glissometre","7":"product_cat-laboratorio-ceramico-e-di-controllo-fr","9":"first","10":"instock","11":"product-type-simple"},"acf":[],"_links":{"self":[{"href":"https:\/\/www.seedex.it\/fr\/wp-json\/wp\/v2\/product\/6470"}],"collection":[{"href":"https:\/\/www.seedex.it\/fr\/wp-json\/wp\/v2\/product"}],"about":[{"href":"https:\/\/www.seedex.it\/fr\/wp-json\/wp\/v2\/types\/product"}],"wp:featuredmedia":[{"embeddable":true,"href":"https:\/\/www.seedex.it\/fr\/wp-json\/wp\/v2\/media\/6472"}],"wp:attachment":[{"href":"https:\/\/www.seedex.it\/fr\/wp-json\/wp\/v2\/media?parent=6470"}],"wp:term":[{"taxonomy":"product_cat","embeddable":true,"href":"https:\/\/www.seedex.it\/fr\/wp-json\/wp\/v2\/product_cat?post=6470"},{"taxonomy":"product_tag","embeddable":true,"href":"https:\/\/www.seedex.it\/fr\/wp-json\/wp\/v2\/product_tag?post=6470"}],"curies":[{"name":"wp","href":"https:\/\/api.w.org\/{rel}","templated":true}]}}