{"id":6463,"date":"2024-09-13T09:04:28","date_gmt":"2024-09-13T09:04:28","guid":{"rendered":"https:\/\/www.seedex.it\/prodotto\/scivolosimetro-a-rampa-mod-sr-45\/"},"modified":"2025-09-04T07:35:28","modified_gmt":"2025-09-04T07:35:28","slug":"glissometre-a-rampe-mod-sr-45","status":"publish","type":"product","link":"https:\/\/www.seedex.it\/fr\/prodotto\/glissometre-a-rampe-mod-sr-45\/","title":{"rendered":"GLISSOM\u00c8TRE \u00c0 RAMPE MOD. SR\/45"},"content":{"rendered":"","protected":false},"excerpt":{"rendered":"<p><span style=\"font-weight: 400;\">Cet instrument est destin\u00e9 \u00e0 la d\u00e9termination de l&#8217;<\/span><b>angle critique dynamique<\/b><span style=\"font-weight: 400;\"> selon les normes <\/span><b>DIN-51130 (valeur R)<\/b><span style=\"font-weight: 400;\"> et <\/span><b>DIN-51097<\/b><span style=\"font-weight: 400;\">.<\/span><\/p>\n<p><span style=\"font-weight: 400;\">La machine, construite conform\u00e9ment aux normes DIN 51130 et DIN 51097, est compos\u00e9e d&#8217;une structure en aluminium avec une plateforme inclinable en acier inoxydable, pour supporter le panneau \u00e0 tester. L&#8217;op\u00e9rateur, muni d&#8217;une ceinture de s\u00e9curit\u00e9, marche d&#8217;avant en arri\u00e8re sur la plateforme qui s&#8217;incline \u00e0 une vitesse de 1\u00b0 par seconde. Le mouvement est arr\u00eat\u00e9 par l&#8217;op\u00e9rateur \u00e0 l&#8217;angle critique de glissement.<\/span><\/p>\n<p><b>Accessoires :<\/b><\/p>\n<ul>\n<li style=\"font-weight: 400;\" aria-level=\"1\"><span style=\"font-weight: 400;\">Jeu de panneaux de calibrage DIN 51130<\/span><\/li>\n<li style=\"font-weight: 400;\" aria-level=\"1\"><span style=\"font-weight: 400;\">Chaussures conformes DIN 51130<\/span><\/li>\n<li style=\"font-weight: 400;\" aria-level=\"1\"><span style=\"font-weight: 400;\">Jeu de panneaux de calibrage DIN 51097<\/span><\/li>\n<\/ul>\n<p>&nbsp;<\/p>\n<p>&nbsp;<\/p>\n","protected":false},"featured_media":6464,"template":"","meta":{"_acf_changed":false,"_vp_format_video_url":"","_vp_image_focal_point":[]},"product_cat":[677,558],"product_tag":[],"class_list":{"0":"post-6463","1":"product","2":"type-product","3":"status-publish","4":"has-post-thumbnail","6":"product_cat-glissometre","7":"product_cat-laboratorio-ceramico-e-di-controllo-fr","9":"first","10":"instock","11":"product-type-simple"},"acf":[],"_links":{"self":[{"href":"https:\/\/www.seedex.it\/fr\/wp-json\/wp\/v2\/product\/6463"}],"collection":[{"href":"https:\/\/www.seedex.it\/fr\/wp-json\/wp\/v2\/product"}],"about":[{"href":"https:\/\/www.seedex.it\/fr\/wp-json\/wp\/v2\/types\/product"}],"wp:featuredmedia":[{"embeddable":true,"href":"https:\/\/www.seedex.it\/fr\/wp-json\/wp\/v2\/media\/6464"}],"wp:attachment":[{"href":"https:\/\/www.seedex.it\/fr\/wp-json\/wp\/v2\/media?parent=6463"}],"wp:term":[{"taxonomy":"product_cat","embeddable":true,"href":"https:\/\/www.seedex.it\/fr\/wp-json\/wp\/v2\/product_cat?post=6463"},{"taxonomy":"product_tag","embeddable":true,"href":"https:\/\/www.seedex.it\/fr\/wp-json\/wp\/v2\/product_tag?post=6463"}],"curies":[{"name":"wp","href":"https:\/\/api.w.org\/{rel}","templated":true}]}}