{"id":6453,"date":"2024-09-13T09:04:28","date_gmt":"2024-09-13T09:04:28","guid":{"rendered":"https:\/\/www.seedex.it\/prodotto\/scivolosimetro-dinamico-mod-fsc2011\/"},"modified":"2025-09-04T07:31:16","modified_gmt":"2025-09-04T07:31:16","slug":"glissometre-dynamique-mod-fsc2011","status":"publish","type":"product","link":"https:\/\/www.seedex.it\/fr\/prodotto\/glissometre-dynamique-mod-fsc2011\/","title":{"rendered":"GLISSOM\u00c8TRE DYNAMIQUE MOD. FSC2011"},"content":{"rendered":"","protected":false},"excerpt":{"rendered":"<p><span style=\"font-weight: 400;\">Le <\/span><b>FSC 2011<\/b><span style=\"font-weight: 400;\"> est le <\/span><b>NOUVEAU syst\u00e8me informatis\u00e9<\/b><span style=\"font-weight: 400;\"> qui d\u00e9tecte et documente, avec un rapport \u00e9crit, le <\/span><b>coefficient de frottement des rev\u00eatements de sol install\u00e9s<\/b><span style=\"font-weight: 400;\"> dans des conditions r\u00e9elles d&#8217;utilisation, qu&#8217;ils soient secs ou humides. Le FSC 2011 est le glissom\u00e8tre pour la d\u00e9tection du coefficient de frottement des rev\u00eatements de sol : les valeurs scann\u00e9es sont exprim\u00e9es sur l&#8217;\u00e9chelle &#8220;\u00b5&#8221; 0,1, conform\u00e9ment \u00e0 la loi italienne.<\/span><\/p>\n<p><span style=\"font-weight: 400;\">Il est possible de programmer des mesures \u00e9galement selon les normes <\/span><b>Tableau de Wuppertal, BFU Suisse, ASTM USA, DIN 51130, DIN 51131 et DIN 51097<\/b><span style=\"font-weight: 400;\">.<\/span><\/p>\n<p>&nbsp;<\/p>\n","protected":false},"featured_media":6455,"template":"","meta":{"_acf_changed":false,"_vp_format_video_url":"","_vp_image_focal_point":[]},"product_cat":[677,558],"product_tag":[],"class_list":{"0":"post-6453","1":"product","2":"type-product","3":"status-publish","4":"has-post-thumbnail","6":"product_cat-glissometre","7":"product_cat-laboratorio-ceramico-e-di-controllo-fr","9":"first","10":"instock","11":"product-type-simple"},"acf":[],"_links":{"self":[{"href":"https:\/\/www.seedex.it\/fr\/wp-json\/wp\/v2\/product\/6453"}],"collection":[{"href":"https:\/\/www.seedex.it\/fr\/wp-json\/wp\/v2\/product"}],"about":[{"href":"https:\/\/www.seedex.it\/fr\/wp-json\/wp\/v2\/types\/product"}],"wp:featuredmedia":[{"embeddable":true,"href":"https:\/\/www.seedex.it\/fr\/wp-json\/wp\/v2\/media\/6455"}],"wp:attachment":[{"href":"https:\/\/www.seedex.it\/fr\/wp-json\/wp\/v2\/media?parent=6453"}],"wp:term":[{"taxonomy":"product_cat","embeddable":true,"href":"https:\/\/www.seedex.it\/fr\/wp-json\/wp\/v2\/product_cat?post=6453"},{"taxonomy":"product_tag","embeddable":true,"href":"https:\/\/www.seedex.it\/fr\/wp-json\/wp\/v2\/product_tag?post=6453"}],"curies":[{"name":"wp","href":"https:\/\/api.w.org\/{rel}","templated":true}]}}