{"id":6371,"date":"2024-09-13T09:04:29","date_gmt":"2024-09-13T09:04:29","guid":{"rendered":"https:\/\/www.seedex.it\/prodotto\/picnometro\/"},"modified":"2025-09-03T15:39:20","modified_gmt":"2025-09-03T15:39:20","slug":"pycnometre","status":"publish","type":"product","link":"https:\/\/www.seedex.it\/fr\/prodotto\/pycnometre\/","title":{"rendered":"PYCNOM\u00c8TRE"},"content":{"rendered":"","protected":false},"excerpt":{"rendered":"<p><span style=\"font-weight: 400;\">Cet instrument est adapt\u00e9 \u00e0 la d\u00e9termination rapide de la <\/span><b>densit\u00e9 (poids sp\u00e9cifique) des liquides ou des solutions<\/b><span style=\"font-weight: 400;\"> en g\u00e9n\u00e9ral.<\/span><\/p>\n<p><span style=\"font-weight: 400;\">Il est fabriqu\u00e9 en <\/span><b>acier inoxydable<\/b><span style=\"font-weight: 400;\"> et dispose d&#8217;un <\/span><b>double \u00e9talonnage<\/b><span style=\"font-weight: 400;\"> : une capacit\u00e9 de 100\u00a0cc et un poids total \u00e9talonn\u00e9 \u00e0 200\u00a0g<\/span><\/p>\n","protected":false},"featured_media":6373,"template":"","meta":{"_acf_changed":false,"_vp_format_video_url":"","_vp_image_focal_point":[]},"product_cat":[479,558,663],"product_tag":[],"class_list":{"0":"post-6371","1":"product","2":"type-product","3":"status-publish","4":"has-post-thumbnail","6":"product_cat-industrie-sanitaire","7":"product_cat-laboratorio-ceramico-e-di-controllo-fr","8":"product_cat-picnometer","10":"first","11":"instock","12":"product-type-simple"},"acf":[],"_links":{"self":[{"href":"https:\/\/www.seedex.it\/fr\/wp-json\/wp\/v2\/product\/6371"}],"collection":[{"href":"https:\/\/www.seedex.it\/fr\/wp-json\/wp\/v2\/product"}],"about":[{"href":"https:\/\/www.seedex.it\/fr\/wp-json\/wp\/v2\/types\/product"}],"wp:featuredmedia":[{"embeddable":true,"href":"https:\/\/www.seedex.it\/fr\/wp-json\/wp\/v2\/media\/6373"}],"wp:attachment":[{"href":"https:\/\/www.seedex.it\/fr\/wp-json\/wp\/v2\/media?parent=6371"}],"wp:term":[{"taxonomy":"product_cat","embeddable":true,"href":"https:\/\/www.seedex.it\/fr\/wp-json\/wp\/v2\/product_cat?post=6371"},{"taxonomy":"product_tag","embeddable":true,"href":"https:\/\/www.seedex.it\/fr\/wp-json\/wp\/v2\/product_tag?post=6371"}],"curies":[{"name":"wp","href":"https:\/\/api.w.org\/{rel}","templated":true}]}}