{"id":6316,"date":"2025-02-20T11:26:34","date_gmt":"2025-02-20T11:26:34","guid":{"rendered":"https:\/\/www.seedex.it\/prodotto\/piano-controllo-qualita-manuale\/"},"modified":"2025-09-03T14:58:45","modified_gmt":"2025-09-03T14:58:45","slug":"table-de-controle-qualite-manuel","status":"publish","type":"product","link":"https:\/\/www.seedex.it\/fr\/prodotto\/table-de-controle-qualite-manuel\/","title":{"rendered":"TABLE DE CONTR\u00d4LE QUALIT\u00c9 MANUEL"},"content":{"rendered":"","protected":false},"excerpt":{"rendered":"<p><span style=\"font-weight: 400;\">Cet instrument de mesure est con\u00e7u pour le <\/span><b>contr\u00f4le qualit\u00e9 manuel par \u00e9chantillonnage<\/b><span style=\"font-weight: 400;\">, permettant le contr\u00f4le dimensionnel et de la plan\u00e9it\u00e9 des carreaux. Les op\u00e9rations de mesure sont simplifi\u00e9es par la pr\u00e9sence d&#8217;un <\/span><b>\u00e9cran tactile<\/b><span style=\"font-weight: 400;\"> qui guide l&#8217;op\u00e9rateur pendant la mesure.<\/span><\/p>\n<p>&nbsp;<\/p>\n","protected":false},"featured_media":6317,"template":"","meta":{"_acf_changed":false,"_vp_format_video_url":"","_vp_image_focal_point":[]},"product_cat":[558,655],"product_tag":[],"class_list":{"0":"post-6316","1":"product","2":"type-product","3":"status-publish","4":"has-post-thumbnail","6":"product_cat-laboratorio-ceramico-e-di-controllo-fr","7":"product_cat-plans-de-calibrage-verticaux","9":"first","10":"instock","11":"product-type-simple"},"acf":[],"_links":{"self":[{"href":"https:\/\/www.seedex.it\/fr\/wp-json\/wp\/v2\/product\/6316"}],"collection":[{"href":"https:\/\/www.seedex.it\/fr\/wp-json\/wp\/v2\/product"}],"about":[{"href":"https:\/\/www.seedex.it\/fr\/wp-json\/wp\/v2\/types\/product"}],"wp:featuredmedia":[{"embeddable":true,"href":"https:\/\/www.seedex.it\/fr\/wp-json\/wp\/v2\/media\/6317"}],"wp:attachment":[{"href":"https:\/\/www.seedex.it\/fr\/wp-json\/wp\/v2\/media?parent=6316"}],"wp:term":[{"taxonomy":"product_cat","embeddable":true,"href":"https:\/\/www.seedex.it\/fr\/wp-json\/wp\/v2\/product_cat?post=6316"},{"taxonomy":"product_tag","embeddable":true,"href":"https:\/\/www.seedex.it\/fr\/wp-json\/wp\/v2\/product_tag?post=6316"}],"curies":[{"name":"wp","href":"https:\/\/api.w.org\/{rel}","templated":true}]}}