{"id":6275,"date":"2024-09-13T09:04:14","date_gmt":"2024-09-13T09:04:14","guid":{"rendered":"https:\/\/www.seedex.it\/prodotto\/mulino-rapido-laboratorio-sd\/"},"modified":"2025-09-03T14:35:35","modified_gmt":"2025-09-03T14:35:35","slug":"broyeur-rapide-de-laboratoire-serie-sd","status":"publish","type":"product","link":"https:\/\/www.seedex.it\/fr\/prodotto\/broyeur-rapide-de-laboratoire-serie-sd\/","title":{"rendered":"BROYEUR RAPIDE DE LABORATOIRE S\u00c9RIE SD"},"content":{"rendered":"","protected":false},"excerpt":{"rendered":"<p><span style=\"font-weight: 400;\">Les broyeurs rapides s\u00e9rie &#8220;SD&#8221; sont construits en <\/span><b>version modulaire<\/b><span style=\"font-weight: 400;\">, ce qui rend chaque groupe compl\u00e8tement ind\u00e9pendant. Cela signifie que pendant qu&#8217;un groupe est pr\u00e9par\u00e9 pour un essai, l&#8217;autre groupe (ou les autres groupes) peuvent fonctionner tranquillement et en toute s\u00e9curit\u00e9 pour l&#8217;op\u00e9rateur.<\/span><\/p>\n<p><b>Principe de broyage :<\/b><span style=\"font-weight: 400;\"> Centrifuge<\/span><\/p>\n<ul>\n<li style=\"font-weight: 400;\" aria-level=\"1\"><span style=\"font-weight: 400;\">Utilise des jarres d&#8217;une capacit\u00e9 de <\/span><b>300 cc \u2013 1000 cc \u2013 1800 cc<\/b><\/li>\n<li style=\"font-weight: 400;\" aria-level=\"1\"><span style=\"font-weight: 400;\">Granulom\u00e9trie des mat\u00e9riaux en entr\u00e9e : <\/span><b>&lt; 80 mm<\/b><\/li>\n<li style=\"font-weight: 400;\" aria-level=\"1\"><span style=\"font-weight: 400;\">Finesse finale : <\/span><b>&lt; 10 \u00b5m<\/b><\/li>\n<\/ul>\n<p><span style=\"font-weight: 400;\">Divers mod\u00e8les disponibles (de 1 \u00e0 4 unit\u00e9s).<\/span><\/p>\n","protected":false},"featured_media":6277,"template":"","meta":{"_acf_changed":false,"_vp_format_video_url":"","_vp_image_focal_point":[]},"product_cat":[479,558,649],"product_tag":[],"class_list":{"0":"post-6275","1":"product","2":"type-product","3":"status-publish","4":"has-post-thumbnail","6":"product_cat-industrie-sanitaire","7":"product_cat-laboratorio-ceramico-e-di-controllo-fr","8":"product_cat-moulin-rapide","10":"first","11":"instock","12":"product-type-simple"},"acf":[],"_links":{"self":[{"href":"https:\/\/www.seedex.it\/fr\/wp-json\/wp\/v2\/product\/6275"}],"collection":[{"href":"https:\/\/www.seedex.it\/fr\/wp-json\/wp\/v2\/product"}],"about":[{"href":"https:\/\/www.seedex.it\/fr\/wp-json\/wp\/v2\/types\/product"}],"wp:featuredmedia":[{"embeddable":true,"href":"https:\/\/www.seedex.it\/fr\/wp-json\/wp\/v2\/media\/6277"}],"wp:attachment":[{"href":"https:\/\/www.seedex.it\/fr\/wp-json\/wp\/v2\/media?parent=6275"}],"wp:term":[{"taxonomy":"product_cat","embeddable":true,"href":"https:\/\/www.seedex.it\/fr\/wp-json\/wp\/v2\/product_cat?post=6275"},{"taxonomy":"product_tag","embeddable":true,"href":"https:\/\/www.seedex.it\/fr\/wp-json\/wp\/v2\/product_tag?post=6275"}],"curies":[{"name":"wp","href":"https:\/\/api.w.org\/{rel}","templated":true}]}}