{"id":6250,"date":"2024-09-13T09:04:43","date_gmt":"2024-09-13T09:04:43","guid":{"rendered":"https:\/\/www.seedex.it\/prodotto\/mulino-a-rulli-da-tavolo\/"},"modified":"2025-09-03T14:21:45","modified_gmt":"2025-09-03T14:21:45","slug":"broyeur-a-rouleaux-de-table","status":"publish","type":"product","link":"https:\/\/www.seedex.it\/fr\/prodotto\/broyeur-a-rouleaux-de-table\/","title":{"rendered":"BROYEUR \u00c0 ROULEAUX DE TABLE"},"content":{"rendered":"","protected":false},"excerpt":{"rendered":"<p><span style=\"font-weight: 400;\">C&#8217;est un broyeur con\u00e7u pour \u00eatre utilis\u00e9 avec des jarres cylindriques, o\u00f9 le broyage se fait par la rotation des jarres sur les rouleaux.<\/span><\/p>\n<p><b>CARACT\u00c9RISTIQUES<\/b><\/p>\n<ul>\n<li style=\"font-weight: 400;\" aria-level=\"1\"><b>Principe de broyage :<\/b><span style=\"font-weight: 400;\"> \u00c0 chute<\/span><\/li>\n<li style=\"font-weight: 400;\" aria-level=\"1\"><b>Capacit\u00e9 de travail maximale :<\/b><span style=\"font-weight: 400;\"> 1 jarre \u00e0 la fois, avec des capacit\u00e9s de 1,5, 3, 5, 7 ou 10 litres.<\/span><\/li>\n<\/ul>\n","protected":false},"featured_media":6252,"template":"","meta":{"_acf_changed":false,"_vp_format_video_url":"","_vp_image_focal_point":[]},"product_cat":[558,643],"product_tag":[],"class_list":{"0":"post-6250","1":"product","2":"type-product","3":"status-publish","4":"has-post-thumbnail","6":"product_cat-laboratorio-ceramico-e-di-controllo-fr","7":"product_cat-moulin-a-rouleaux-de-table","9":"first","10":"instock","11":"product-type-simple"},"acf":[],"_links":{"self":[{"href":"https:\/\/www.seedex.it\/fr\/wp-json\/wp\/v2\/product\/6250"}],"collection":[{"href":"https:\/\/www.seedex.it\/fr\/wp-json\/wp\/v2\/product"}],"about":[{"href":"https:\/\/www.seedex.it\/fr\/wp-json\/wp\/v2\/types\/product"}],"wp:featuredmedia":[{"embeddable":true,"href":"https:\/\/www.seedex.it\/fr\/wp-json\/wp\/v2\/media\/6252"}],"wp:attachment":[{"href":"https:\/\/www.seedex.it\/fr\/wp-json\/wp\/v2\/media?parent=6250"}],"wp:term":[{"taxonomy":"product_cat","embeddable":true,"href":"https:\/\/www.seedex.it\/fr\/wp-json\/wp\/v2\/product_cat?post=6250"},{"taxonomy":"product_tag","embeddable":true,"href":"https:\/\/www.seedex.it\/fr\/wp-json\/wp\/v2\/product_tag?post=6250"}],"curies":[{"name":"wp","href":"https:\/\/api.w.org\/{rel}","templated":true}]}}