{"id":6233,"date":"2024-09-13T09:04:43","date_gmt":"2024-09-13T09:04:43","guid":{"rendered":"https:\/\/www.seedex.it\/prodotto\/misuratori-universali-dds-d\/"},"modified":"2025-09-03T13:58:56","modified_gmt":"2025-09-03T13:58:56","slug":"mesureurs-universels-dds-d","status":"publish","type":"product","link":"https:\/\/www.seedex.it\/fr\/prodotto\/mesureurs-universels-dds-d\/","title":{"rendered":"MESUREURS UNIVERSELS DDS\/D"},"content":{"rendered":"","protected":false},"excerpt":{"rendered":"<p><span style=\"font-weight: 400;\">Il s&#8217;agit d&#8217;un instrument de laboratoire semi-automatique pour la d\u00e9termination des caract\u00e9ristiques dimensionnelles des carreaux (longueur, orthogonalit\u00e9, plan\u00e9it\u00e9, tuilage, rectitude des bords, courbure des c\u00f4t\u00e9s) selon la norme UNI EN ISO 10545-2.<\/span><\/p>\n<p><span style=\"font-weight: 400;\">Les mesures sont effectu\u00e9es par diff\u00e9rence entre une plaque \u00e9talon de calibrage et les carreaux c\u00e9ramiques, mesur\u00e9e \u00e0 l&#8217;aide de comparateurs num\u00e9riques.<\/span><\/p>\n<p><b>Fourni complet avec :<\/b><\/p>\n<ul>\n<li style=\"font-weight: 400;\" aria-level=\"1\"><span style=\"font-weight: 400;\">6 comparateurs num\u00e9riques (1\/100 mm)<\/span><\/li>\n<li style=\"font-weight: 400;\" aria-level=\"1\"><span style=\"font-weight: 400;\">6 c\u00e2bles USB<\/span><\/li>\n<li style=\"font-weight: 400;\" aria-level=\"1\"><span style=\"font-weight: 400;\">1 hub USB \u00e0 7 ports<\/span><\/li>\n<li style=\"font-weight: 400;\" aria-level=\"1\"><span style=\"font-weight: 400;\">1 c\u00e2ble USB de connexion PC<\/span><\/li>\n<li style=\"font-weight: 400;\" aria-level=\"1\"><span style=\"font-weight: 400;\">1 Notebook avec syst\u00e8me d&#8217;exploitation et logiciel dataCEN\/04 pr\u00e9install\u00e9s et test\u00e9s<\/span><\/li>\n<li style=\"font-weight: 400;\" aria-level=\"1\"><span style=\"font-weight: 400;\">1 cl\u00e9 mat\u00e9rielle<\/span><\/li>\n<li style=\"font-weight: 400;\" aria-level=\"1\"><span style=\"font-weight: 400;\">3 c\u00e2bles de levage auto-stop pour comparateurs lat\u00e9raux<\/span><\/li>\n<li style=\"font-weight: 400;\" aria-level=\"1\"><span style=\"font-weight: 400;\">Une s\u00e9rie de supports pour carreaux d&#8217;une \u00e9paisseur de 3 \u00e0 15 mm.<\/span><\/li>\n<\/ul>\n<p><span style=\"font-weight: 400;\">Divers mod\u00e8les sont disponibles, diff\u00e9rant par la taille maximale des carreaux.<\/span><\/p>\n","protected":false},"featured_media":6234,"template":"","meta":{"_acf_changed":false,"_vp_format_video_url":"","_vp_image_focal_point":[]},"product_cat":[474,558,639],"product_tag":[],"class_list":{"0":"post-6233","1":"product","2":"type-product","3":"status-publish","4":"has-post-thumbnail","6":"product_cat-featured-fr","7":"product_cat-laboratorio-ceramico-e-di-controllo-fr","8":"product_cat-mesureurs-universels-dds","10":"first","11":"instock","12":"product-type-simple"},"acf":[],"_links":{"self":[{"href":"https:\/\/www.seedex.it\/fr\/wp-json\/wp\/v2\/product\/6233"}],"collection":[{"href":"https:\/\/www.seedex.it\/fr\/wp-json\/wp\/v2\/product"}],"about":[{"href":"https:\/\/www.seedex.it\/fr\/wp-json\/wp\/v2\/types\/product"}],"wp:featuredmedia":[{"embeddable":true,"href":"https:\/\/www.seedex.it\/fr\/wp-json\/wp\/v2\/media\/6234"}],"wp:attachment":[{"href":"https:\/\/www.seedex.it\/fr\/wp-json\/wp\/v2\/media?parent=6233"}],"wp:term":[{"taxonomy":"product_cat","embeddable":true,"href":"https:\/\/www.seedex.it\/fr\/wp-json\/wp\/v2\/product_cat?post=6233"},{"taxonomy":"product_tag","embeddable":true,"href":"https:\/\/www.seedex.it\/fr\/wp-json\/wp\/v2\/product_tag?post=6233"}],"curies":[{"name":"wp","href":"https:\/\/api.w.org\/{rel}","templated":true}]}}