{"id":6215,"date":"2024-09-13T09:04:43","date_gmt":"2024-09-13T09:04:43","guid":{"rendered":"https:\/\/www.seedex.it\/prodotto\/misuratori-portatili-di-planarita-mpp\/"},"modified":"2025-09-03T13:49:41","modified_gmt":"2025-09-03T13:49:41","slug":"mesureurs-portables-de-planeite-mpp","status":"publish","type":"product","link":"https:\/\/www.seedex.it\/fr\/prodotto\/mesureurs-portables-de-planeite-mpp\/","title":{"rendered":"MESUREURS PORTABLES DE PLAN\u00c9IT\u00c9 MPP"},"content":{"rendered":"","protected":false},"excerpt":{"rendered":"<p><span style=\"font-weight: 400;\">Ces instruments sont adapt\u00e9s \u00e0 la <\/span><b>d\u00e9termination rapide de la plan\u00e9it\u00e9 des carreaux c\u00e9ramiques, mesur\u00e9e sur la diagonale.<\/b><\/p>\n<p><span style=\"font-weight: 400;\">Ils sont compos\u00e9s d&#8217;une barre en alliage d&#8217;aluminium anodis\u00e9 dur, avec deux pieds calibr\u00e9s pointus \u00e0 distance r\u00e9glable, deux pieds calibr\u00e9s cylindriques, un niveau \u00e0 bulle sph\u00e9rique et un comparateur num\u00e9rique cent\u00e9simal de pr\u00e9cision \u00b10,015\u00a0mm. Ils sont fournis complets avec une tige rectifi\u00e9e pour l&#8217;acquisition du z\u00e9ro.<\/span><\/p>\n<p><span style=\"font-weight: 400;\">Diverses dimensions sont disponibles, jusqu&#8217;\u00e0 1600\u00a0mm.<\/span><\/p>\n<p><span style=\"font-weight: 400;\">\u00c9galement disponibles en version pour les briques.<\/span><\/p>\n","protected":false},"featured_media":6217,"template":"","meta":{"_acf_changed":false,"_vp_format_video_url":"","_vp_image_focal_point":[]},"product_cat":[558,635],"product_tag":[],"class_list":{"0":"post-6215","1":"product","2":"type-product","3":"status-publish","4":"has-post-thumbnail","6":"product_cat-laboratorio-ceramico-e-di-controllo-fr","7":"product_cat-mesureur-portable-de-planeite","9":"first","10":"instock","11":"product-type-simple"},"acf":[],"_links":{"self":[{"href":"https:\/\/www.seedex.it\/fr\/wp-json\/wp\/v2\/product\/6215"}],"collection":[{"href":"https:\/\/www.seedex.it\/fr\/wp-json\/wp\/v2\/product"}],"about":[{"href":"https:\/\/www.seedex.it\/fr\/wp-json\/wp\/v2\/types\/product"}],"wp:featuredmedia":[{"embeddable":true,"href":"https:\/\/www.seedex.it\/fr\/wp-json\/wp\/v2\/media\/6217"}],"wp:attachment":[{"href":"https:\/\/www.seedex.it\/fr\/wp-json\/wp\/v2\/media?parent=6215"}],"wp:term":[{"taxonomy":"product_cat","embeddable":true,"href":"https:\/\/www.seedex.it\/fr\/wp-json\/wp\/v2\/product_cat?post=6215"},{"taxonomy":"product_tag","embeddable":true,"href":"https:\/\/www.seedex.it\/fr\/wp-json\/wp\/v2\/product_tag?post=6215"}],"curies":[{"name":"wp","href":"https:\/\/api.w.org\/{rel}","templated":true}]}}