{"id":6164,"date":"2024-09-13T09:04:44","date_gmt":"2024-09-13T09:04:44","guid":{"rendered":"https:\/\/www.seedex.it\/prodotto\/matite-e-minerali-mohs\/"},"modified":"2025-09-03T13:20:26","modified_gmt":"2025-09-03T13:20:26","slug":"crayons-et-mineraux-de-mohs","status":"publish","type":"product","link":"https:\/\/www.seedex.it\/fr\/prodotto\/crayons-et-mineraux-de-mohs\/","title":{"rendered":"CRAYONS ET MIN\u00c9RAUX DE MOHS"},"content":{"rendered":"","protected":false},"excerpt":{"rendered":"<p><b>Crayons :<\/b><span style=\"font-weight: 400;\"> Compos\u00e9 de 8 crayons en aluminium, \u00f810\u00a0mm de diam\u00e8tre et 146\u00a0mm de long, chacun int\u00e9grant le min\u00e9ral avec une pointe aff\u00fbt\u00e9e.<\/span><\/p>\n<p><b>Min\u00e9raux :<\/b><span style=\"font-weight: 400;\"> Un ensemble de 14 min\u00e9raux selon l&#8217;\u00e9chelle de Mohs.<\/span><\/p>\n<p>&nbsp;<\/p>\n","protected":false},"featured_media":6166,"template":"","meta":{"_acf_changed":false,"_vp_format_video_url":"","_vp_image_focal_point":[]},"product_cat":[625,558],"product_tag":[],"class_list":{"0":"post-6164","1":"product","2":"type-product","3":"status-publish","4":"has-post-thumbnail","6":"product_cat-crayons-et-mineraux-mohs","7":"product_cat-laboratorio-ceramico-e-di-controllo-fr","9":"first","10":"instock","11":"product-type-simple"},"acf":[],"_links":{"self":[{"href":"https:\/\/www.seedex.it\/fr\/wp-json\/wp\/v2\/product\/6164"}],"collection":[{"href":"https:\/\/www.seedex.it\/fr\/wp-json\/wp\/v2\/product"}],"about":[{"href":"https:\/\/www.seedex.it\/fr\/wp-json\/wp\/v2\/types\/product"}],"wp:featuredmedia":[{"embeddable":true,"href":"https:\/\/www.seedex.it\/fr\/wp-json\/wp\/v2\/media\/6166"}],"wp:attachment":[{"href":"https:\/\/www.seedex.it\/fr\/wp-json\/wp\/v2\/media?parent=6164"}],"wp:term":[{"taxonomy":"product_cat","embeddable":true,"href":"https:\/\/www.seedex.it\/fr\/wp-json\/wp\/v2\/product_cat?post=6164"},{"taxonomy":"product_tag","embeddable":true,"href":"https:\/\/www.seedex.it\/fr\/wp-json\/wp\/v2\/product_tag?post=6164"}],"curies":[{"name":"wp","href":"https:\/\/api.w.org\/{rel}","templated":true}]}}