{"id":6148,"date":"2024-09-13T09:04:43","date_gmt":"2024-09-13T09:04:43","guid":{"rendered":"https:\/\/www.seedex.it\/prodotto\/impattometro-mcr1000\/"},"modified":"2025-09-03T13:14:41","modified_gmt":"2025-09-03T13:14:41","slug":"impactometre-mcr1000","status":"publish","type":"product","link":"https:\/\/www.seedex.it\/fr\/prodotto\/impactometre-mcr1000\/","title":{"rendered":"IMPACTOM\u00c8TRE MCR1000"},"content":{"rendered":"","protected":false},"excerpt":{"rendered":"<p><span style=\"font-weight: 400;\">Cet instrument est con\u00e7u pour d\u00e9terminer la <\/span><b>r\u00e9sistance \u00e0 l&#8217;impact des carreaux<\/b><span style=\"font-weight: 400;\"> selon les normes <\/span><b>ISO 10545-5<\/b><span style=\"font-weight: 400;\">.<\/span><\/p>\n<p><span style=\"font-weight: 400;\">Il fonctionne en d\u00e9terminant le <\/span><b>coefficient de restitution du rebond d&#8217;une bille d&#8217;acier<\/b><span style=\"font-weight: 400;\"> l\u00e2ch\u00e9e sur l&#8217;\u00e9chantillon d&#8217;essai depuis une hauteur pr\u00e9d\u00e9finie.<\/span><\/p>\n<p><span style=\"font-weight: 400;\">L&#8217;instrument est fourni complet avec <\/span><b>5 masselottes d&#8217;\u00e9talonnage<\/b><span style=\"font-weight: 400;\">.<\/span><\/p>\n","protected":false},"featured_media":6149,"template":"","meta":{"_acf_changed":false,"_vp_format_video_url":"","_vp_image_focal_point":[]},"product_cat":[621,558],"product_tag":[],"class_list":{"0":"post-6148","1":"product","2":"type-product","3":"status-publish","4":"has-post-thumbnail","6":"product_cat-impactometre","7":"product_cat-laboratorio-ceramico-e-di-controllo-fr","9":"first","10":"instock","11":"product-type-simple"},"acf":[],"_links":{"self":[{"href":"https:\/\/www.seedex.it\/fr\/wp-json\/wp\/v2\/product\/6148"}],"collection":[{"href":"https:\/\/www.seedex.it\/fr\/wp-json\/wp\/v2\/product"}],"about":[{"href":"https:\/\/www.seedex.it\/fr\/wp-json\/wp\/v2\/types\/product"}],"wp:featuredmedia":[{"embeddable":true,"href":"https:\/\/www.seedex.it\/fr\/wp-json\/wp\/v2\/media\/6149"}],"wp:attachment":[{"href":"https:\/\/www.seedex.it\/fr\/wp-json\/wp\/v2\/media?parent=6148"}],"wp:term":[{"taxonomy":"product_cat","embeddable":true,"href":"https:\/\/www.seedex.it\/fr\/wp-json\/wp\/v2\/product_cat?post=6148"},{"taxonomy":"product_tag","embeddable":true,"href":"https:\/\/www.seedex.it\/fr\/wp-json\/wp\/v2\/product_tag?post=6148"}],"curies":[{"name":"wp","href":"https:\/\/api.w.org\/{rel}","templated":true}]}}