{"id":6111,"date":"2024-09-13T09:04:43","date_gmt":"2024-09-13T09:04:43","guid":{"rendered":"https:\/\/www.seedex.it\/prodotto\/igrometro-per-determinazione-umidita-nelle-polveri-speedy-d2\/"},"modified":"2025-09-03T12:52:14","modified_gmt":"2025-09-03T12:52:14","slug":"hygrometre-pour-la-determination-de-lhumidite-dans-les-poudres-speedy-d2","status":"publish","type":"product","link":"https:\/\/www.seedex.it\/fr\/prodotto\/hygrometre-pour-la-determination-de-lhumidite-dans-les-poudres-speedy-d2\/","title":{"rendered":"HYGROM\u00c8TRE POUR LA D\u00c9TERMINATION DE L&#8217;HUMIDIT\u00c9 DANS LES POUDRES, SPEEDY D2"},"content":{"rendered":"","protected":false},"excerpt":{"rendered":"<p><span style=\"font-weight: 400;\">Ces instruments sont adapt\u00e9s \u00e0 la d\u00e9termination du pourcentage d&#8217;humidit\u00e9 des mat\u00e9riaux finement moulus utilis\u00e9s dans les industries c\u00e9ramiques, les cimenteries, les concasseurs, etc., et en g\u00e9n\u00e9ral dans tout processus de production o\u00f9 il y a des substances r\u00e9ductibles en granulom\u00e9tries fines.<\/span><\/p>\n<p><span style=\"font-weight: 400;\">Le principe de fonctionnement est bas\u00e9 sur la r\u00e9action entre l&#8217;eau et le carbure de calcium raffin\u00e9 avec lequel les appareils fonctionnent, qui d\u00e9veloppe du gaz ac\u00e9tyl\u00e8ne.<\/span><\/p>\n","protected":false},"featured_media":6113,"template":"","meta":{"_acf_changed":false,"_vp_format_video_url":"","_vp_image_focal_point":[]},"product_cat":[617,558],"product_tag":[],"class_list":{"0":"post-6111","1":"product","2":"type-product","3":"status-publish","4":"has-post-thumbnail","6":"product_cat-hygrometre-a-carbure-de-calcium-speedy","7":"product_cat-laboratorio-ceramico-e-di-controllo-fr","9":"first","10":"instock","11":"product-type-simple"},"acf":[],"_links":{"self":[{"href":"https:\/\/www.seedex.it\/fr\/wp-json\/wp\/v2\/product\/6111"}],"collection":[{"href":"https:\/\/www.seedex.it\/fr\/wp-json\/wp\/v2\/product"}],"about":[{"href":"https:\/\/www.seedex.it\/fr\/wp-json\/wp\/v2\/types\/product"}],"wp:featuredmedia":[{"embeddable":true,"href":"https:\/\/www.seedex.it\/fr\/wp-json\/wp\/v2\/media\/6113"}],"wp:attachment":[{"href":"https:\/\/www.seedex.it\/fr\/wp-json\/wp\/v2\/media?parent=6111"}],"wp:term":[{"taxonomy":"product_cat","embeddable":true,"href":"https:\/\/www.seedex.it\/fr\/wp-json\/wp\/v2\/product_cat?post=6111"},{"taxonomy":"product_tag","embeddable":true,"href":"https:\/\/www.seedex.it\/fr\/wp-json\/wp\/v2\/product_tag?post=6111"}],"curies":[{"name":"wp","href":"https:\/\/api.w.org\/{rel}","templated":true}]}}