{"id":6101,"date":"2024-09-13T09:04:43","date_gmt":"2024-09-13T09:04:43","guid":{"rendered":"https:\/\/www.seedex.it\/prodotto\/3-angle-glossmeter-2\/"},"modified":"2025-09-03T12:48:13","modified_gmt":"2025-09-03T12:48:13","slug":"glossmetre-3-angles","status":"publish","type":"product","link":"https:\/\/www.seedex.it\/fr\/prodotto\/glossmetre-3-angles\/","title":{"rendered":"GLOSSM\u00c8TRE 3 ANGLES"},"content":{"rendered":"","protected":false},"excerpt":{"rendered":"<p><span style=\"font-weight: 400;\">Le <\/span><b>glossm\u00e8tre portable professionnel 3 Angles<\/b><span style=\"font-weight: 400;\"> offre une solution compl\u00e8te pour toute application et exigence de mesure de la brillance de surface.<\/span><\/p>\n<p><span style=\"font-weight: 400;\">Cet instrument est utilis\u00e9 pour mesurer le degr\u00e9 de brillance des surfaces et peut \u00eatre appliqu\u00e9 aux peintures, encres, rev\u00eatements, marbre, granit, carreaux polis vitrifi\u00e9s, c\u00e9ramiques, briques, porcelaine, et bien plus encore.<\/span><\/p>\n<p><span style=\"font-weight: 400;\">Ses trois g\u00e9om\u00e9tries de d\u00e9tection (respectivement 20\u00b0, 60\u00b0 et 85\u00b0) permettent une flexibilit\u00e9 maximale d&#8217;utilisation, couvrant les surfaces \u00e0 faible, moyenne et haute brillance.<\/span><\/p>\n<p>&nbsp;<\/p>\n","protected":false},"featured_media":6103,"template":"","meta":{"_acf_changed":false,"_vp_format_video_url":"","_vp_image_focal_point":[]},"product_cat":[615,558],"product_tag":[],"class_list":{"0":"post-6101","1":"product","2":"type-product","3":"status-publish","4":"has-post-thumbnail","6":"product_cat-glossmetre","7":"product_cat-laboratorio-ceramico-e-di-controllo-fr","9":"first","10":"instock","11":"product-type-simple"},"acf":[],"_links":{"self":[{"href":"https:\/\/www.seedex.it\/fr\/wp-json\/wp\/v2\/product\/6101"}],"collection":[{"href":"https:\/\/www.seedex.it\/fr\/wp-json\/wp\/v2\/product"}],"about":[{"href":"https:\/\/www.seedex.it\/fr\/wp-json\/wp\/v2\/types\/product"}],"wp:featuredmedia":[{"embeddable":true,"href":"https:\/\/www.seedex.it\/fr\/wp-json\/wp\/v2\/media\/6103"}],"wp:attachment":[{"href":"https:\/\/www.seedex.it\/fr\/wp-json\/wp\/v2\/media?parent=6101"}],"wp:term":[{"taxonomy":"product_cat","embeddable":true,"href":"https:\/\/www.seedex.it\/fr\/wp-json\/wp\/v2\/product_cat?post=6101"},{"taxonomy":"product_tag","embeddable":true,"href":"https:\/\/www.seedex.it\/fr\/wp-json\/wp\/v2\/product_tag?post=6101"}],"curies":[{"name":"wp","href":"https:\/\/api.w.org\/{rel}","templated":true}]}}