{"id":6076,"date":"2024-09-13T09:04:43","date_gmt":"2024-09-13T09:04:43","guid":{"rendered":"https:\/\/www.seedex.it\/prodotto\/giare-cilindriche-in-porcellana-marrone\/"},"modified":"2025-09-03T12:36:02","modified_gmt":"2025-09-03T12:36:02","slug":"jarres-cylindriques-en-porcelaine-marron","status":"publish","type":"product","link":"https:\/\/www.seedex.it\/fr\/prodotto\/jarres-cylindriques-en-porcelaine-marron\/","title":{"rendered":"JARRES CYLINDRIQUES EN PORCELAINE MARRON"},"content":{"rendered":"","protected":false},"excerpt":{"rendered":"<p><span style=\"font-weight: 400;\">Jarres fabriqu\u00e9es en porcelaine alumineuse, cuites \u00e0 haute temp\u00e9rature, exemptes de porosit\u00e9 et adapt\u00e9es aux industries chimique, pharmaceutique, des colorants, des \u00e9maux et des peintures.<\/span><\/p>\n<p><span style=\"font-weight: 400;\">La surface ext\u00e9rieure est \u00e9maill\u00e9e marron, avec deux couronnes de roulement rectifi\u00e9es, adapt\u00e9es \u00e0 tout type de broyeur \u00e0 rouleaux. Elles poss\u00e8dent une large ouverture pour faciliter les op\u00e9rations de chargement, de d\u00e9chargement et de lavage.<\/span><\/p>\n<p><span style=\"font-weight: 400;\">Fournies compl\u00e8tes avec un bouchon en porcelaine \u00e0 fermeture par volant et un joint en caoutchouc.<\/span><\/p>\n<p><span style=\"font-weight: 400;\">Autres caract\u00e9ristiques :<\/span><\/p>\n<ul>\n<li style=\"font-weight: 400;\" aria-level=\"1\"><span style=\"font-weight: 400;\">R\u00e9sistantes aux acides et aux alcalis<\/span><\/li>\n<li style=\"font-weight: 400;\" aria-level=\"1\"><span style=\"font-weight: 400;\">Duret\u00e9 Mohs : 8,5<\/span><\/li>\n<li style=\"font-weight: 400;\" aria-level=\"1\"><span style=\"font-weight: 400;\">Teneur en Al2O3 : 60 %<\/span><\/li>\n<li style=\"font-weight: 400;\" aria-level=\"1\"><span style=\"font-weight: 400;\">Poids sp\u00e9cifique : 2,8\/2,9 g\/cm\u00b3<\/span><\/li>\n<\/ul>\n<p><span style=\"font-weight: 400;\">Capacit\u00e9 de charge de produit sec : Environ 50 % du volume (en litres), exprim\u00e9e en kg.<\/span><\/p>\n<p><span style=\"font-weight: 400;\">Diff\u00e9rentes tailles sont disponibles.<\/span><\/p>\n","protected":false},"featured_media":6078,"template":"","meta":{"_acf_changed":false,"_vp_format_video_url":"","_vp_image_focal_point":[]},"product_cat":[611,558],"product_tag":[],"class_list":{"0":"post-6076","1":"product","2":"type-product","3":"status-publish","4":"has-post-thumbnail","6":"product_cat-jars-cylindriques-bruns","7":"product_cat-laboratorio-ceramico-e-di-controllo-fr","9":"first","10":"instock","11":"product-type-simple"},"acf":[],"_links":{"self":[{"href":"https:\/\/www.seedex.it\/fr\/wp-json\/wp\/v2\/product\/6076"}],"collection":[{"href":"https:\/\/www.seedex.it\/fr\/wp-json\/wp\/v2\/product"}],"about":[{"href":"https:\/\/www.seedex.it\/fr\/wp-json\/wp\/v2\/types\/product"}],"wp:featuredmedia":[{"embeddable":true,"href":"https:\/\/www.seedex.it\/fr\/wp-json\/wp\/v2\/media\/6078"}],"wp:attachment":[{"href":"https:\/\/www.seedex.it\/fr\/wp-json\/wp\/v2\/media?parent=6076"}],"wp:term":[{"taxonomy":"product_cat","embeddable":true,"href":"https:\/\/www.seedex.it\/fr\/wp-json\/wp\/v2\/product_cat?post=6076"},{"taxonomy":"product_tag","embeddable":true,"href":"https:\/\/www.seedex.it\/fr\/wp-json\/wp\/v2\/product_tag?post=6076"}],"curies":[{"name":"wp","href":"https:\/\/api.w.org\/{rel}","templated":true}]}}