{"id":6061,"date":"2024-09-13T09:04:43","date_gmt":"2024-09-13T09:04:43","guid":{"rendered":"https:\/\/www.seedex.it\/prodotto\/forni-fusori-fcn\/"},"modified":"2025-09-03T12:26:55","modified_gmt":"2025-09-03T12:26:55","slug":"fours-de-fusion-fcn","status":"publish","type":"product","link":"https:\/\/www.seedex.it\/fr\/prodotto\/fours-de-fusion-fcn\/","title":{"rendered":"FOURS DE FUSION FCN"},"content":{"rendered":"","protected":false},"excerpt":{"rendered":"<p><span style=\"font-weight: 400;\">Ce four de fusion est de type \u00e0 sole mobile, ce qui signifie que la sole du four sur laquelle repose le creuset peut monter et descendre gr\u00e2ce \u00e0 un m\u00e9canisme appropri\u00e9. Cela permet de pr\u00e9lever facilement le creuset, \u00e0 l&#8217;aide d&#8217;une pince adapt\u00e9e, une fois qu&#8217;il est \u00e9tabli que le m\u00e9lange en essai est fondu.<\/span><\/p>\n<ul>\n<li style=\"font-weight: 400;\" aria-level=\"1\"><span style=\"font-weight: 400;\">Quantit\u00e9 de m\u00e9lange \u00e0 fondre : environ 600-1000 g<\/span><\/li>\n<li style=\"font-weight: 400;\" aria-level=\"1\"><span style=\"font-weight: 400;\">Temp\u00e9rature maximale : +1600 \u00b0C<\/span><\/li>\n<\/ul>\n<p><span style=\"font-weight: 400;\">\u00c9galement disponible en version avec une temp\u00e9rature maximale de +1700\u00b0C.<\/span><\/p>\n","protected":false},"featured_media":6063,"template":"","meta":{"_acf_changed":false,"_vp_format_video_url":"","_vp_image_focal_point":[]},"product_cat":[607,558],"product_tag":[],"class_list":{"0":"post-6061","1":"product","2":"type-product","3":"status-publish","4":"has-post-thumbnail","6":"product_cat-fours-de-fusion-fcn","7":"product_cat-laboratorio-ceramico-e-di-controllo-fr","9":"first","10":"instock","11":"product-type-simple"},"acf":[],"_links":{"self":[{"href":"https:\/\/www.seedex.it\/fr\/wp-json\/wp\/v2\/product\/6061"}],"collection":[{"href":"https:\/\/www.seedex.it\/fr\/wp-json\/wp\/v2\/product"}],"about":[{"href":"https:\/\/www.seedex.it\/fr\/wp-json\/wp\/v2\/types\/product"}],"wp:featuredmedia":[{"embeddable":true,"href":"https:\/\/www.seedex.it\/fr\/wp-json\/wp\/v2\/media\/6063"}],"wp:attachment":[{"href":"https:\/\/www.seedex.it\/fr\/wp-json\/wp\/v2\/media?parent=6061"}],"wp:term":[{"taxonomy":"product_cat","embeddable":true,"href":"https:\/\/www.seedex.it\/fr\/wp-json\/wp\/v2\/product_cat?post=6061"},{"taxonomy":"product_tag","embeddable":true,"href":"https:\/\/www.seedex.it\/fr\/wp-json\/wp\/v2\/product_tag?post=6061"}],"curies":[{"name":"wp","href":"https:\/\/api.w.org\/{rel}","templated":true}]}}