{"id":6051,"date":"2024-09-13T09:04:59","date_gmt":"2024-09-13T09:04:59","guid":{"rendered":"https:\/\/www.seedex.it\/prodotto\/forno-a-rulli-serie-er\/"},"modified":"2025-09-03T12:20:41","modified_gmt":"2025-09-03T12:20:41","slug":"four-a-rouleaux-serie-er","status":"publish","type":"product","link":"https:\/\/www.seedex.it\/fr\/prodotto\/four-a-rouleaux-serie-er\/","title":{"rendered":"FOUR \u00c0 ROULEAUX S\u00e9rie ER"},"content":{"rendered":"","protected":false},"excerpt":{"rendered":"<p><span style=\"font-weight: 400;\">Ce four est constitu\u00e9 d&#8217;une structure robuste en acier qui renferme l&#8217;isolation thermique compos\u00e9e de briques r\u00e9fractaires \u00e0 faible densit\u00e9 et de plaques pr\u00e9form\u00e9es en fibre c\u00e9ramique hautement r\u00e9sistantes \u00e0 la temp\u00e9rature et aux chocs thermiques.<\/span><\/p>\n<p><span style=\"font-weight: 400;\">Le four comprend des zones aux caract\u00e9ristiques diff\u00e9rentes, \u00e0 savoir :<\/span><\/p>\n<ul>\n<li style=\"font-weight: 400;\" aria-level=\"1\"><span style=\"font-weight: 400;\">Zone d&#8217;entr\u00e9e et d&#8217;\u00e9vacuation des fum\u00e9es<\/span><\/li>\n<li style=\"font-weight: 400;\" aria-level=\"1\"><span style=\"font-weight: 400;\">Zone de pr\u00e9chauffage<\/span><\/li>\n<li style=\"font-weight: 400;\" aria-level=\"1\"><span style=\"font-weight: 400;\">Zone de cuisson<\/span><\/li>\n<li style=\"font-weight: 400;\" aria-level=\"1\"><span style=\"font-weight: 400;\">Zone de refroidissement<\/span><\/li>\n<\/ul>\n<p><span style=\"font-weight: 400;\">Dans tous les mod\u00e8les, les r\u00e9sistances de la zone de cuisson sont en Carbure de Silicium, permettant \u00e0 ces fours de fonctionner jusqu&#8217;\u00e0 une temp\u00e9rature maximale de 1330\u00b0C.<\/span><\/p>\n<p><span style=\"font-weight: 400;\">Optionnel : Gestion du four via un PC.<\/span><\/p>\n<p><span style=\"font-weight: 400;\">Divers mod\u00e8les sont disponibles, variant en taille maximale d&#8217;\u00e9chantillon et en nombre de zones.<\/span><\/p>\n","protected":false},"featured_media":6053,"template":"","meta":{"_acf_changed":false,"_vp_format_video_url":"","_vp_image_focal_point":[]},"product_cat":[605,558],"product_tag":[],"class_list":{"0":"post-6051","1":"product","2":"type-product","3":"status-publish","4":"has-post-thumbnail","6":"product_cat-fours-a-rouleaux-er","7":"product_cat-laboratorio-ceramico-e-di-controllo-fr","9":"first","10":"instock","11":"product-type-simple"},"acf":[],"_links":{"self":[{"href":"https:\/\/www.seedex.it\/fr\/wp-json\/wp\/v2\/product\/6051"}],"collection":[{"href":"https:\/\/www.seedex.it\/fr\/wp-json\/wp\/v2\/product"}],"about":[{"href":"https:\/\/www.seedex.it\/fr\/wp-json\/wp\/v2\/types\/product"}],"wp:featuredmedia":[{"embeddable":true,"href":"https:\/\/www.seedex.it\/fr\/wp-json\/wp\/v2\/media\/6053"}],"wp:attachment":[{"href":"https:\/\/www.seedex.it\/fr\/wp-json\/wp\/v2\/media?parent=6051"}],"wp:term":[{"taxonomy":"product_cat","embeddable":true,"href":"https:\/\/www.seedex.it\/fr\/wp-json\/wp\/v2\/product_cat?post=6051"},{"taxonomy":"product_tag","embeddable":true,"href":"https:\/\/www.seedex.it\/fr\/wp-json\/wp\/v2\/product_tag?post=6051"}],"curies":[{"name":"wp","href":"https:\/\/api.w.org\/{rel}","templated":true}]}}