{"id":6034,"date":"2024-09-13T09:04:59","date_gmt":"2024-09-13T09:04:59","guid":{"rendered":"https:\/\/www.seedex.it\/prodotto\/forno-rapido-da-laboratorio-cvk-n-cvk-n-s-cvk-n-scs\/"},"modified":"2025-09-03T12:13:11","modified_gmt":"2025-09-03T12:13:11","slug":"four-rapide-de-laboratoire-cvk-n-cvk-n-s-cvk-n-scs","status":"publish","type":"product","link":"https:\/\/www.seedex.it\/fr\/prodotto\/four-rapide-de-laboratoire-cvk-n-cvk-n-s-cvk-n-scs\/","title":{"rendered":"FOUR RAPIDE DE LABORATOIRE CVK-N \u2013 CVK-N\/S \u2013 CVK-N\/SCS"},"content":{"rendered":"","protected":false},"excerpt":{"rendered":"<p><span style=\"font-weight: 400;\">Ce four de laboratoire est construit avec une carrosserie en acier peinte au four \u00e0 180\u00b0C avec des peintures \u00e9poxy anti-rayures. L&#8217;isolation thermique est assur\u00e9e par de la fibre c\u00e9ramique et des briques r\u00e9fractaires \u00e0 faible densit\u00e9.<\/span><\/p>\n<p><span style=\"font-weight: 400;\">Pour les mod\u00e8les CVK-N et CVK-N\/S, les \u00e9l\u00e9ments chauffants sont compos\u00e9s de r\u00e9sistances \u00e9lectriques \u00e0 fil enroul\u00e9 en spirale de type Kanthal. Pour le mod\u00e8le CVK-N\/SCS, les \u00e9l\u00e9ments chauffants sont compos\u00e9s de r\u00e9sistances \u00e9lectriques en carbure de silicium.<\/span><\/p>\n<p><span style=\"font-weight: 400;\">Ce four permet de simuler toute la courbe de cuisson d&#8217;un four continu industriel. Il est dot\u00e9 d&#8217;un tableau de commande facilement configurable.<\/span><\/p>\n<p><span style=\"font-weight: 400;\">Divers mod\u00e8les sont disponibles (volume de cuisson et temp\u00e9rature maximale).<\/span><\/p>\n<p>&nbsp;<\/p>\n","protected":false},"featured_media":6036,"template":"","meta":{"_acf_changed":false,"_vp_format_video_url":"","_vp_image_focal_point":[]},"product_cat":[603,558],"product_tag":[],"class_list":{"0":"post-6034","1":"product","2":"type-product","3":"status-publish","4":"has-post-thumbnail","6":"product_cat-fours-a-moufle","7":"product_cat-laboratorio-ceramico-e-di-controllo-fr","9":"first","10":"instock","11":"product-type-simple"},"acf":[],"_links":{"self":[{"href":"https:\/\/www.seedex.it\/fr\/wp-json\/wp\/v2\/product\/6034"}],"collection":[{"href":"https:\/\/www.seedex.it\/fr\/wp-json\/wp\/v2\/product"}],"about":[{"href":"https:\/\/www.seedex.it\/fr\/wp-json\/wp\/v2\/types\/product"}],"wp:featuredmedia":[{"embeddable":true,"href":"https:\/\/www.seedex.it\/fr\/wp-json\/wp\/v2\/media\/6036"}],"wp:attachment":[{"href":"https:\/\/www.seedex.it\/fr\/wp-json\/wp\/v2\/media?parent=6034"}],"wp:term":[{"taxonomy":"product_cat","embeddable":true,"href":"https:\/\/www.seedex.it\/fr\/wp-json\/wp\/v2\/product_cat?post=6034"},{"taxonomy":"product_tag","embeddable":true,"href":"https:\/\/www.seedex.it\/fr\/wp-json\/wp\/v2\/product_tag?post=6034"}],"curies":[{"name":"wp","href":"https:\/\/api.w.org\/{rel}","templated":true}]}}