{"id":6015,"date":"2024-09-13T09:04:59","date_gmt":"2024-09-13T09:04:59","guid":{"rendered":"https:\/\/www.seedex.it\/prodotto\/forno-a-gradiente-gr95-s\/"},"modified":"2025-09-03T12:05:06","modified_gmt":"2025-09-03T12:05:06","slug":"four-a-gradient-gr95-s","status":"publish","type":"product","link":"https:\/\/www.seedex.it\/fr\/prodotto\/four-a-gradient-gr95-s\/","title":{"rendered":"FOUR \u00c0 GRADIENT GR95\/S"},"content":{"rendered":"","protected":false},"excerpt":{"rendered":"<p><span style=\"font-weight: 400;\">Un four dot\u00e9 de diff\u00e9rentes zones de cuisson avec des temp\u00e9ratures diff\u00e9renci\u00e9es (gradient thermique), qui suivent le m\u00eame cycle de cuisson.<\/span><\/p>\n<p><span style=\"font-weight: 400;\">Caract\u00e9ristiques :<\/span><\/p>\n<ul>\n<li style=\"font-weight: 400;\" aria-level=\"1\"><span style=\"font-weight: 400;\">\u00c9quip\u00e9 de 6 cellules chauffantes ind\u00e9pendantes.<\/span><\/li>\n<li style=\"font-weight: 400;\" aria-level=\"1\"><span style=\"font-weight: 400;\">Possibilit\u00e9 de fixer et de g\u00e9rer des gradients allant jusqu&#8217;\u00e0 15\u00b0C entre chaque cellule.<\/span><\/li>\n<li style=\"font-weight: 400;\" aria-level=\"1\"><span style=\"font-weight: 400;\">Possibilit\u00e9 d&#8217;effectuer des cycles rapides avec des temps d&#8217;atteinte de la temp\u00e9rature maximale d&#8217;un minimum de 60 minutes \u00e0 un maximum de 180 minutes.<\/span><\/li>\n<li style=\"font-weight: 400;\" aria-level=\"1\"><span style=\"font-weight: 400;\">Possibilit\u00e9 de g\u00e9rer le four \u00e0 distance.<\/span><\/li>\n<li style=\"font-weight: 400;\" aria-level=\"1\"><span style=\"font-weight: 400;\">Dimensions de la zone de cuisson : 150x600x110 mm.<\/span><\/li>\n<\/ul>\n<p>&nbsp;<\/p>\n","protected":false},"featured_media":6017,"template":"","meta":{"_acf_changed":false,"_vp_format_video_url":"","_vp_image_focal_point":[]},"product_cat":[601,479,558],"product_tag":[],"class_list":{"0":"post-6015","1":"product","2":"type-product","3":"status-publish","4":"has-post-thumbnail","6":"product_cat-fours-a-gradient","7":"product_cat-industrie-sanitaire","8":"product_cat-laboratorio-ceramico-e-di-controllo-fr","10":"first","11":"instock","12":"product-type-simple"},"acf":[],"_links":{"self":[{"href":"https:\/\/www.seedex.it\/fr\/wp-json\/wp\/v2\/product\/6015"}],"collection":[{"href":"https:\/\/www.seedex.it\/fr\/wp-json\/wp\/v2\/product"}],"about":[{"href":"https:\/\/www.seedex.it\/fr\/wp-json\/wp\/v2\/types\/product"}],"wp:featuredmedia":[{"embeddable":true,"href":"https:\/\/www.seedex.it\/fr\/wp-json\/wp\/v2\/media\/6017"}],"wp:attachment":[{"href":"https:\/\/www.seedex.it\/fr\/wp-json\/wp\/v2\/media?parent=6015"}],"wp:term":[{"taxonomy":"product_cat","embeddable":true,"href":"https:\/\/www.seedex.it\/fr\/wp-json\/wp\/v2\/product_cat?post=6015"},{"taxonomy":"product_tag","embeddable":true,"href":"https:\/\/www.seedex.it\/fr\/wp-json\/wp\/v2\/product_tag?post=6015"}],"curies":[{"name":"wp","href":"https:\/\/api.w.org\/{rel}","templated":true}]}}