{"id":5973,"date":"2024-09-13T09:04:58","date_gmt":"2024-09-13T09:04:58","guid":{"rendered":"https:\/\/www.seedex.it\/prodotto\/strumento-per-prove-di-carico-e-modulo-di-rottura-a-flessione-serie-mor-7-ts\/"},"modified":"2025-09-03T10:30:51","modified_gmt":"2025-09-03T10:30:51","slug":"instrument-de-serie-mor-7-ts-pour-essais-de-charge-et-de-module-de-rupture-en-flexion","status":"publish","type":"product","link":"https:\/\/www.seedex.it\/fr\/prodotto\/instrument-de-serie-mor-7-ts-pour-essais-de-charge-et-de-module-de-rupture-en-flexion\/","title":{"rendered":"INSTRUMENT DE S\u00c9RIE MOR\/7-TS POUR ESSAIS DE CHARGE ET DE MODULE DE RUPTURE EN FLEXION"},"content":{"rendered":"","protected":false},"excerpt":{"rendered":"<p><span style=\"font-weight: 400;\">Capacit\u00e9 accrue pour les carreaux de forte \u00e9paisseur avec des charges de rupture \u00e9lev\u00e9es. Convient \u00e9galement pour les mat\u00e9riaux crus ou s\u00e9ch\u00e9s sans n\u00e9cessiter d&#8217;accessoires suppl\u00e9mentaires. Conforme \u00e0 la norme UNI EN ISO 10545-4. Diff\u00e9rents mod\u00e8les disponibles pour divers formats.<\/span><\/p>\n","protected":false},"featured_media":5986,"template":"","meta":{"_acf_changed":false,"_vp_format_video_url":"","_vp_image_focal_point":[]},"product_cat":[599,558],"product_tag":[],"class_list":{"0":"post-5973","1":"product","2":"type-product","3":"status-publish","4":"has-post-thumbnail","6":"product_cat-fleximetres","7":"product_cat-laboratorio-ceramico-e-di-controllo-fr","9":"first","10":"instock","11":"product-type-simple"},"acf":[],"_links":{"self":[{"href":"https:\/\/www.seedex.it\/fr\/wp-json\/wp\/v2\/product\/5973"}],"collection":[{"href":"https:\/\/www.seedex.it\/fr\/wp-json\/wp\/v2\/product"}],"about":[{"href":"https:\/\/www.seedex.it\/fr\/wp-json\/wp\/v2\/types\/product"}],"wp:featuredmedia":[{"embeddable":true,"href":"https:\/\/www.seedex.it\/fr\/wp-json\/wp\/v2\/media\/5986"}],"wp:attachment":[{"href":"https:\/\/www.seedex.it\/fr\/wp-json\/wp\/v2\/media?parent=5973"}],"wp:term":[{"taxonomy":"product_cat","embeddable":true,"href":"https:\/\/www.seedex.it\/fr\/wp-json\/wp\/v2\/product_cat?post=5973"},{"taxonomy":"product_tag","embeddable":true,"href":"https:\/\/www.seedex.it\/fr\/wp-json\/wp\/v2\/product_tag?post=5973"}],"curies":[{"name":"wp","href":"https:\/\/api.w.org\/{rel}","templated":true}]}}