{"id":5938,"date":"2024-09-13T09:04:58","date_gmt":"2024-09-13T09:04:58","guid":{"rendered":"https:\/\/www.seedex.it\/prodotto\/filiere-manuali\/"},"modified":"2025-09-03T10:09:52","modified_gmt":"2025-09-03T10:09:52","slug":"filieres-manuelles","status":"publish","type":"product","link":"https:\/\/www.seedex.it\/fr\/prodotto\/filieres-manuelles\/","title":{"rendered":"FILI\u00c8RES MANUELLES"},"content":{"rendered":"","protected":false},"excerpt":{"rendered":"<p><span style=\"font-weight: 400;\">Pour les essais d&#8217;application d&#8217;\u00e9mail.<\/span><\/p>\n<p><span style=\"font-weight: 400;\">Divers mod\u00e8les :<\/span><\/p>\n<ul>\n<li style=\"font-weight: 400;\" aria-level=\"1\"><span style=\"font-weight: 400;\">R\u00e9glable : avec des vis microm\u00e9triques pour un r\u00e9glage fin de l&#8217;\u00e9paisseur de l&#8217;\u00e9mail (de 0 \u00e0 3 mm).<\/span><\/li>\n<li style=\"font-weight: 400;\" aria-level=\"1\"><span style=\"font-weight: 400;\">Simple \u00e0 2\/3 chambres : disponible avec diff\u00e9rentes \u00e9paisseurs (0,4, 0,6, 0,8 et 1 mm) et des vannes mobiles (pour obtenir 2 ou 3 chambres).<\/span><\/li>\n<li style=\"font-weight: 400;\" aria-level=\"1\"><span style=\"font-weight: 400;\">Simple \u00e0 2 chambres : deux tailles diff\u00e9rentes utilisables simplement en retournant la fili\u00e8re (1 \u2013 0,8 mm et 0,6 \u2013 0,4 mm).<\/span><\/li>\n<\/ul>\n","protected":false},"featured_media":5940,"template":"","meta":{"_acf_changed":false,"_vp_format_video_url":"","_vp_image_focal_point":[]},"product_cat":[595,558],"product_tag":[],"class_list":{"0":"post-5938","1":"product","2":"type-product","3":"status-publish","4":"has-post-thumbnail","6":"product_cat-filieres","7":"product_cat-laboratorio-ceramico-e-di-controllo-fr","9":"first","10":"instock","11":"product-type-simple"},"acf":[],"_links":{"self":[{"href":"https:\/\/www.seedex.it\/fr\/wp-json\/wp\/v2\/product\/5938"}],"collection":[{"href":"https:\/\/www.seedex.it\/fr\/wp-json\/wp\/v2\/product"}],"about":[{"href":"https:\/\/www.seedex.it\/fr\/wp-json\/wp\/v2\/types\/product"}],"wp:featuredmedia":[{"embeddable":true,"href":"https:\/\/www.seedex.it\/fr\/wp-json\/wp\/v2\/media\/5940"}],"wp:attachment":[{"href":"https:\/\/www.seedex.it\/fr\/wp-json\/wp\/v2\/media?parent=5938"}],"wp:term":[{"taxonomy":"product_cat","embeddable":true,"href":"https:\/\/www.seedex.it\/fr\/wp-json\/wp\/v2\/product_cat?post=5938"},{"taxonomy":"product_tag","embeddable":true,"href":"https:\/\/www.seedex.it\/fr\/wp-json\/wp\/v2\/product_tag?post=5938"}],"curies":[{"name":"wp","href":"https:\/\/api.w.org\/{rel}","templated":true}]}}