{"id":5930,"date":"2024-09-13T09:04:58","date_gmt":"2024-09-13T09:04:58","guid":{"rendered":"https:\/\/www.seedex.it\/prodotto\/durometro-portatile-dm34pe\/"},"modified":"2025-09-03T10:03:36","modified_gmt":"2025-09-03T10:03:36","slug":"durometre-portable-dm34pe","status":"publish","type":"product","link":"https:\/\/www.seedex.it\/fr\/prodotto\/durometre-portable-dm34pe\/","title":{"rendered":"DUROM\u00c8TRE PORTABLE DM34PE"},"content":{"rendered":"","protected":false},"excerpt":{"rendered":"<p><span style=\"font-weight: 400;\">Conceptuellement similaire au Durom\u00e8tre DM34 mais en version portable et \u00e9quip\u00e9 d&#8217;un comparateur cent\u00e9simal num\u00e9rique \u00e0 \u00e9cran LCD. Enti\u00e8rement construit \u00e0 partir de mat\u00e9riaux inoxydables tels que l&#8217;acier inoxydable et le laiton. Fourni avec 5 pointes \u00e0 t\u00eate plate, deux ressorts de duret\u00e9 diff\u00e9rente et une mallette de transport pratique.<\/span><\/p>\n","protected":false},"featured_media":5931,"template":"","meta":{"_acf_changed":false,"_vp_format_video_url":"","_vp_image_focal_point":[]},"product_cat":[593,558],"product_tag":[],"class_list":{"0":"post-5930","1":"product","2":"type-product","3":"status-publish","4":"has-post-thumbnail","6":"product_cat-durometro-fr","7":"product_cat-laboratorio-ceramico-e-di-controllo-fr","9":"first","10":"instock","11":"product-type-simple"},"acf":[],"_links":{"self":[{"href":"https:\/\/www.seedex.it\/fr\/wp-json\/wp\/v2\/product\/5930"}],"collection":[{"href":"https:\/\/www.seedex.it\/fr\/wp-json\/wp\/v2\/product"}],"about":[{"href":"https:\/\/www.seedex.it\/fr\/wp-json\/wp\/v2\/types\/product"}],"wp:featuredmedia":[{"embeddable":true,"href":"https:\/\/www.seedex.it\/fr\/wp-json\/wp\/v2\/media\/5931"}],"wp:attachment":[{"href":"https:\/\/www.seedex.it\/fr\/wp-json\/wp\/v2\/media?parent=5930"}],"wp:term":[{"taxonomy":"product_cat","embeddable":true,"href":"https:\/\/www.seedex.it\/fr\/wp-json\/wp\/v2\/product_cat?post=5930"},{"taxonomy":"product_tag","embeddable":true,"href":"https:\/\/www.seedex.it\/fr\/wp-json\/wp\/v2\/product_tag?post=5930"}],"curies":[{"name":"wp","href":"https:\/\/api.w.org\/{rel}","templated":true}]}}